{"id":8675,"date":"2024-11-11T02:05:26","date_gmt":"2024-11-11T00:05:26","guid":{"rendered":"https:\/\/tenuteartemisia.com\/?page_id=8675"},"modified":"2025-06-05T14:07:08","modified_gmt":"2025-06-05T12:07:08","slug":"pagamento-sicuro","status":"publish","type":"page","link":"https:\/\/tenuteartemisia.com\/de\/sichere-bezahlung\/","title":{"rendered":"Sichere Bezahlung"},"content":{"rendered":"<div data-elementor-type=\"wp-page\" data-elementor-id=\"8675\" class=\"elementor elementor-8675\" data-elementor-post-type=\"page\">\n\t\t\t\t<div class=\"elementor-element elementor-element-4e9bf18 e-con-full e-flex e-con e-parent\" data-id=\"4e9bf18\" data-element_type=\"container\" data-settings=\"{&quot;background_background&quot;:&quot;classic&quot;}\">\n\t\t\t\t<div class=\"elementor-element elementor-element-d98d976 elementor-widget elementor-widget-heading\" data-id=\"d98d976\" data-element_type=\"widget\" data-widget_type=\"heading.default\">\n\t\t\t\t<div class=\"elementor-widget-container\">\n\t\t\t<style>\/*! elementor - v3.23.0 - 05-08-2024 *\/\n.elementor-heading-title{padding:0;margin:0;line-height:1}.elementor-widget-heading .elementor-heading-title[class*=elementor-size-]>a{color:inherit;font-size:inherit;line-height:inherit}.elementor-widget-heading .elementor-heading-title.elementor-size-small{font-size:15px}.elementor-widget-heading .elementor-heading-title.elementor-size-medium{font-size:19px}.elementor-widget-heading .elementor-heading-title.elementor-size-large{font-size:29px}.elementor-widget-heading .elementor-heading-title.elementor-size-xl{font-size:39px}.elementor-widget-heading .elementor-heading-title.elementor-size-xxl{font-size:59px}<\/style><h1 class=\"elementor-heading-title elementor-size-default\">Sichere Bezahlung<\/h1>\t\t<\/div>\n\t\t\t\t<\/div>\n\t\t\t\t<\/div>\n\t\t<div class=\"elementor-element elementor-element-07fadd8 e-flex e-con-boxed e-con e-parent\" data-id=\"07fadd8\" data-element_type=\"container\">\n\t\t\t\t\t<div class=\"e-con-inner\">\n\t\t\t\t<div class=\"elementor-element elementor-element-32848e5 elementor-widget elementor-widget-text-editor\" data-id=\"32848e5\" data-element_type=\"widget\" data-widget_type=\"text-editor.default\">\n\t\t\t\t<div class=\"elementor-widget-container\">\n\t\t\t<style>\/*! elementor - v3.23.0 - 05-08-2024 *\/\n.elementor-widget-text-editor.elementor-drop-cap-view-stacked .elementor-drop-cap{background-color:#69727d;color:#fff}.elementor-widget-text-editor.elementor-drop-cap-view-framed .elementor-drop-cap{color:#69727d;border:3px solid;background-color:transparent}.elementor-widget-text-editor:not(.elementor-drop-cap-view-default) .elementor-drop-cap{margin-top:8px}.elementor-widget-text-editor:not(.elementor-drop-cap-view-default) .elementor-drop-cap-letter{width:1em;height:1em}.elementor-widget-text-editor .elementor-drop-cap{float:left;text-align:center;line-height:1;font-size:50px}.elementor-widget-text-editor .elementor-drop-cap-letter{display:inline-block}<\/style>\t\t\t\t<p>Willkommen bei der <strong>Sichere Bezahlung<\/strong> von Tenute Artemisia. Die Sicherheit der Transaktionen ist f\u00fcr uns eine Priorit\u00e4t. Aus diesem Grund haben wir zuverl\u00e4ssige und sichere Zahlungsmethoden ausgew\u00e4hlt, die den Schutz Ihrer Daten und die Sicherheit Ihrer Eink\u00e4ufe garantieren. Nachstehend finden Sie eine \u00dcbersicht \u00fcber die auf unserer Website verf\u00fcgbaren Zahlungsmethoden und die zum Schutz Ihrer Transaktionen getroffenen Sicherheitsma\u00dfnahmen.<\/p><h3>Zahlungsarten<\/h3><p>Wir bieten mehrere Zahlungsm\u00f6glichkeiten an, um Ihren Einkauf bequem und sicher zu gestalten:<\/p><ol><li><p><strong>PayPal<\/strong><\/p><ul><li><strong>Sicherer Zahlungsverkehr<\/strong>Mit PayPal k\u00f6nnen Sie Online-Zahlungen t\u00e4tigen, ohne Ihre finanziellen Daten preisgeben zu m\u00fcssen. PayPal verwendet fortschrittliche Verschl\u00fcsselungstechnologien zur Sicherung von Transaktionen und bietet ein K\u00e4uferschutzsystem.<\/li><li><strong>Einfachheit und Schnelligkeit<\/strong>Mit PayPal k\u00f6nnen Sie Zahlungen mit wenigen Klicks abschlie\u00dfen, indem Sie sich in Ihr Konto einloggen und Ihren Einkauf best\u00e4tigen. Sie m\u00fcssen nicht jedes Mal Ihre Kreditkartendaten eingeben, was den Vorgang schnell und sicher macht.<\/li><\/ul><\/li><li><p><strong>Kredit- und Debitkarten mit Stripe<\/strong><\/p><ul><li><strong>Sichere Zahlungen mit Stripe<\/strong>Tenute Artemisia verwendet Stripe f\u00fcr die Abwicklung von Kredit- und Debitkartenzahlungen. Stripe ist einer der zuverl\u00e4ssigsten und fortschrittlichsten Zahlungsanbieter weltweit und bietet umfassenden Daten- und Transaktionsschutz.<\/li><li><strong>Akzeptierte Karten<\/strong>Wir akzeptieren alle g\u00e4ngigen Kredit- und Debitkartensysteme, einschlie\u00dflich Visa, MasterCard und American Express. Die Transaktionen sind mit TLS-Verschl\u00fcsselungssystemen (Transport Layer Security) gesch\u00fctzt, die eine sichere Daten\u00fcbertragung gew\u00e4hrleisten.<\/li><li><strong>Starke Client-Authentifizierung (SCA)<\/strong>Stripe implementiert eine Zwei-Faktor-Authentifizierung, um sicherzustellen, dass Transaktionen autorisiert und vor unbefugtem Zugriff gesch\u00fctzt sind.<\/li><\/ul><\/li><li><p><strong>Bank\u00fcberweisung<\/strong><\/p><ul><li><strong>Traditionelle Zahlungsoption<\/strong>F\u00fcr diejenigen, die eine direkte Zahlung bevorzugen, bieten wir die M\u00f6glichkeit, per Bank\u00fcberweisung zu bezahlen. Sobald Sie Ihre Bestellung aufgegeben haben, erhalten Sie Anweisungen, wie Sie die Zahlung per Bank\u00fcberweisung durchf\u00fchren k\u00f6nnen.<\/li><li><strong>Sicherheit und R\u00fcckverfolgbarkeit<\/strong>Bank\u00fcberweisung ist eine sichere und nachvollziehbare Methode, die es Ihnen erm\u00f6glicht, die volle Kontrolle \u00fcber die Transaktion durch Ihre Bank zu haben. Die Bestellungen werden bearbeitet, sobald die Zahlung in unserem System sichtbar ist.<\/li><\/ul><\/li><\/ol><h3>Transaktionssicherheit<\/h3><p>Um zu gew\u00e4hrleisten, dass jeder Kauf sicher ist, wenden wir bew\u00e4hrte Verfahren zum Schutz von Transaktionen und pers\u00f6nlichen Daten an:<\/p><ul><li><strong>SSL-Zertifikat<\/strong>: Die Website <a href=\"https:\/\/tenuteartemisia.com\/de\/\" target=\"_new\" rel=\"noopener\">https:\/\/tenuteartemisia.com<\/a> ist durch ein SSL-Zertifikat (Secure Socket Layer) gesch\u00fctzt, das die zwischen Ihrem Ger\u00e4t und unseren Servern \u00fcbertragenen Daten verschl\u00fcsselt, so dass die Informationen f\u00fcr Dritte unverst\u00e4ndlich sind.<\/li><li><strong>Schutz von sensiblen Daten<\/strong>Wir speichern weder Ihre Kreditkartendaten noch andere sensible Informationen. Diese Informationen werden direkt von unseren Zahlungspartnern PayPal und Stripe verarbeitet, die die strengsten Sicherheitsstandards wie den PCI DSS (Payment Card Industry Data Security Standard) einhalten.<\/li><li><strong>Betrugsbek\u00e4mpfung<\/strong>Kreditkartenzahlungen unterliegen einer Betrugsbek\u00e4mpfungskontrolle, um die Sicherheit der Nutzer und den Schutz vor betr\u00fcgerischen Aktivit\u00e4ten zu gew\u00e4hrleisten.<\/li><\/ul><h3>Tipps f\u00fcr die Sicherheit des K\u00e4ufers<\/h3><p>Um zu gew\u00e4hrleisten, dass Ihre Transaktionen sicher sind, raten wir Ihnen, dies zu tun:<\/p><ul><li>Kaufen Sie nur \u00fcber Ger\u00e4te ein, die durch aktuelle Antiviren- und Firewall-Software gesch\u00fctzt sind.<\/li><li>Geben Sie keine Zahlungsinformationen an Dritte weiter.<\/li><li>\u00dcberwachen Sie das Konto auf nicht autorisierte Transaktionen und wenden Sie sich im Verdachtsfall sofort an den Kundendienst.<\/li><\/ul><h3>Kundenbetreuung<\/h3><p>Unser Team steht Ihnen zur Verf\u00fcgung, um alle Fragen oder Unklarheiten bez\u00fcglich Zahlungen und Transaktionssicherheit zu beantworten. Wenn Sie Hilfe ben\u00f6tigen, k\u00f6nnen Sie uns per E-Mail kontaktieren unter <strong><a rel=\"noopener\"><span \n                data-original-string='AKAzIR5o3x6zErw6aef+FA==bdfjUk51M8iJxM8gYNbQwfgBvPti96cYUHp2hjl\/derfbA='\n                class='apbct-email-encoder'\n                title='Dieser Kontakt wurde von Anti-Spam by CleanTalk verschl\u00fcsselt. Klicken Sie hier, um ihn zu entschl\u00fcsseln. Um die Entschl\u00fcsselung abzuschlie\u00dfen, stellen Sie sicher, dass JavaScript in Ihrem Browser aktiviert ist.'>unter<span class=\"apbct-blur\">**<\/span>@<span class=\"apbct-blur\">*************<\/span>ia.com<\/span><\/a><\/strong> oder \u00fcber die <strong>Kontakt<\/strong> des Standortes.<\/p><p>Danke, dass Sie sich f\u00fcr <strong>Artemisia-Siedlungen<\/strong> und f\u00fcr das Vertrauen in unsere Dienste.<\/p>\t\t\t\t\t\t<\/div>\n\t\t\t\t<\/div>\n\t\t\t\t\t<\/div>\n\t\t\t\t<\/div>\n\t\t<div class=\"elementor-element elementor-element-dc4d8b9 e-flex e-con-boxed e-con e-parent\" data-id=\"dc4d8b9\" data-element_type=\"container\">\n\t\t\t\t\t<div class=\"e-con-inner\">\n\t\t\t\t<div class=\"elementor-element elementor-element-9240a5e elementor-widget elementor-widget-spacer\" data-id=\"9240a5e\" data-element_type=\"widget\" data-widget_type=\"spacer.default\">\n\t\t\t\t<div class=\"elementor-widget-container\">\n\t\t\t<style>\/*! elementor - v3.23.0 - 05-08-2024 *\/\n.elementor-column .elementor-spacer-inner{height:var(--spacer-size)}.e-con{--container-widget-width:100%}.e-con-inner>.elementor-widget-spacer,.e-con>.elementor-widget-spacer{width:var(--container-widget-width,var(--spacer-size));--align-self:var(--container-widget-align-self,initial);--flex-shrink:0}.e-con-inner>.elementor-widget-spacer>.elementor-widget-container,.e-con>.elementor-widget-spacer>.elementor-widget-container{height:100%;width:100%}.e-con-inner>.elementor-widget-spacer>.elementor-widget-container>.elementor-spacer,.e-con>.elementor-widget-spacer>.elementor-widget-container>.elementor-spacer{height:100%}.e-con-inner>.elementor-widget-spacer>.elementor-widget-container>.elementor-spacer>.elementor-spacer-inner,.e-con>.elementor-widget-spacer>.elementor-widget-container>.elementor-spacer>.elementor-spacer-inner{height:var(--container-widget-height,var(--spacer-size))}.e-con-inner>.elementor-widget-spacer.elementor-widget-empty,.e-con>.elementor-widget-spacer.elementor-widget-empty{position:relative;min-height:22px;min-width:22px}.e-con-inner>.elementor-widget-spacer.elementor-widget-empty .elementor-widget-empty-icon,.e-con>.elementor-widget-spacer.elementor-widget-empty .elementor-widget-empty-icon{position:absolute;top:0;bottom:0;left:0;right:0;margin:auto;padding:0;width:22px;height:22px}<\/style>\t\t<div class=\"elementor-spacer\">\n\t\t\t<div class=\"elementor-spacer-inner\"><\/div>\n\t\t<\/div>\n\t\t\t\t<\/div>\n\t\t\t\t<\/div>\n\t\t\t\t\t<\/div>\n\t\t\t\t<\/div>\n\t\t\t\t<\/div>","protected":false},"excerpt":{"rendered":"<p>Pagamento Sicuro Benvenuti nella pagina Pagamento Sicuro di Tenute Artemisia. La sicurezza delle transazioni \u00e8 una nostra priorit\u00e0. Per questo motivo, abbiamo scelto metodi di pagamento affidabili e sicuri, che [&hellip;]<\/p>","protected":false},"author":1,"featured_media":0,"parent":0,"menu_order":0,"comment_status":"closed","ping_status":"closed","template":"elementor_header_footer","meta":{"_acf_changed":false,"wprm-recipe-roundup-name":"","wprm-recipe-roundup-description":"","_monsterinsights_skip_tracking":false,"_monsterinsights_sitenote_active":false,"_monsterinsights_sitenote_note":"","_monsterinsights_sitenote_category":0,"footnotes":""},"class_list":["post-8675","page","type-page","status-publish","hentry"],"acf":[],"yoast_head":"<!-- This site is optimized with the Yoast SEO plugin v25.9 - https:\/\/yoast.com\/wordpress\/plugins\/seo\/ -->\n<title>Pagamento Sicuro - Tenute Artemisia<\/title>\n<meta name=\"robots\" content=\"index, follow, max-snippet:-1, max-image-preview:large, max-video-preview:-1\" \/>\n<link rel=\"canonical\" href=\"https:\/\/tenuteartemisia.com\/de\/sichere-bezahlung\/\" \/>\n<meta property=\"og:locale\" content=\"de_DE\" \/>\n<meta property=\"og:type\" content=\"article\" \/>\n<meta property=\"og:title\" content=\"Pagamento Sicuro - Tenute Artemisia\" \/>\n<meta property=\"og:description\" content=\"Pagamento Sicuro Benvenuti nella pagina Pagamento Sicuro di Tenute Artemisia. La sicurezza delle transazioni \u00e8 una nostra priorit\u00e0. Per questo motivo, abbiamo scelto metodi di pagamento affidabili e sicuri, che [&hellip;]\" \/>\n<meta property=\"og:url\" content=\"https:\/\/tenuteartemisia.com\/de\/sichere-bezahlung\/\" \/>\n<meta property=\"og:site_name\" content=\"Tenute Artemisia\" \/>\n<meta property=\"article:modified_time\" content=\"2025-06-05T12:07:08+00:00\" \/>\n<meta name=\"twitter:card\" content=\"summary_large_image\" \/>\n<meta name=\"twitter:label1\" content=\"Gesch\u00e4tzte Lesezeit\" \/>\n\t<meta name=\"twitter:data1\" content=\"4\u00a0Minuten\" \/>\n<script type=\"application\/ld+json\" class=\"yoast-schema-graph\">{\"@context\":\"https:\/\/schema.org\",\"@graph\":[{\"@type\":\"WebPage\",\"@id\":\"https:\/\/tenuteartemisia.com\/pagamento-sicuro\/\",\"url\":\"https:\/\/tenuteartemisia.com\/pagamento-sicuro\/\",\"name\":\"Pagamento Sicuro - Tenute Artemisia\",\"isPartOf\":{\"@id\":\"https:\/\/tenuteartemisia.com\/#website\"},\"datePublished\":\"2024-11-11T00:05:26+00:00\",\"dateModified\":\"2025-06-05T12:07:08+00:00\",\"breadcrumb\":{\"@id\":\"https:\/\/tenuteartemisia.com\/pagamento-sicuro\/#breadcrumb\"},\"inLanguage\":\"de\",\"potentialAction\":[{\"@type\":\"ReadAction\",\"target\":[\"https:\/\/tenuteartemisia.com\/pagamento-sicuro\/\"]}]},{\"@type\":\"BreadcrumbList\",\"@id\":\"https:\/\/tenuteartemisia.com\/pagamento-sicuro\/#breadcrumb\",\"itemListElement\":[{\"@type\":\"ListItem\",\"position\":1,\"name\":\"Home\",\"item\":\"https:\/\/tenuteartemisia.com\/\"},{\"@type\":\"ListItem\",\"position\":2,\"name\":\"Pagamento Sicuro\"}]},{\"@type\":\"WebSite\",\"@id\":\"https:\/\/tenuteartemisia.com\/#website\",\"url\":\"https:\/\/tenuteartemisia.com\/\",\"name\":\"Tenute Artemisia\",\"description\":\"Benvenuti a Tenute Artemisia - Agriturismo tra tradizione e modernit\u00e0\",\"potentialAction\":[{\"@type\":\"SearchAction\",\"target\":{\"@type\":\"EntryPoint\",\"urlTemplate\":\"https:\/\/tenuteartemisia.com\/?s={search_term_string}\"},\"query-input\":{\"@type\":\"PropertyValueSpecification\",\"valueRequired\":true,\"valueName\":\"search_term_string\"}}],\"inLanguage\":\"de\"}]}<\/script>\n<!-- \/ Yoast SEO plugin. -->","yoast_head_json":{"title":"Pagamento Sicuro - Tenute Artemisia","robots":{"index":"index","follow":"follow","max-snippet":"max-snippet:-1","max-image-preview":"max-image-preview:large","max-video-preview":"max-video-preview:-1"},"canonical":"https:\/\/tenuteartemisia.com\/de\/sichere-bezahlung\/","og_locale":"de_DE","og_type":"article","og_title":"Pagamento Sicuro - Tenute Artemisia","og_description":"Pagamento Sicuro Benvenuti nella pagina Pagamento Sicuro di Tenute Artemisia. La sicurezza delle transazioni \u00e8 una nostra priorit\u00e0. Per questo motivo, abbiamo scelto metodi di pagamento affidabili e sicuri, che [&hellip;]","og_url":"https:\/\/tenuteartemisia.com\/de\/sichere-bezahlung\/","og_site_name":"Tenute Artemisia","article_modified_time":"2025-06-05T12:07:08+00:00","twitter_card":"summary_large_image","twitter_misc":{"Gesch\u00e4tzte Lesezeit":"4\u00a0Minuten"},"schema":{"@context":"https:\/\/schema.org","@graph":[{"@type":"WebPage","@id":"https:\/\/tenuteartemisia.com\/pagamento-sicuro\/","url":"https:\/\/tenuteartemisia.com\/pagamento-sicuro\/","name":"Pagamento Sicuro - Tenute Artemisia","isPartOf":{"@id":"https:\/\/tenuteartemisia.com\/#website"},"datePublished":"2024-11-11T00:05:26+00:00","dateModified":"2025-06-05T12:07:08+00:00","breadcrumb":{"@id":"https:\/\/tenuteartemisia.com\/pagamento-sicuro\/#breadcrumb"},"inLanguage":"de","potentialAction":[{"@type":"ReadAction","target":["https:\/\/tenuteartemisia.com\/pagamento-sicuro\/"]}]},{"@type":"BreadcrumbList","@id":"https:\/\/tenuteartemisia.com\/pagamento-sicuro\/#breadcrumb","itemListElement":[{"@type":"ListItem","position":1,"name":"Home","item":"https:\/\/tenuteartemisia.com\/"},{"@type":"ListItem","position":2,"name":"Pagamento Sicuro"}]},{"@type":"WebSite","@id":"https:\/\/tenuteartemisia.com\/#website","url":"https:\/\/tenuteartemisia.com\/","name":"Tenute Artemisia","description":"Benvenuti a Tenute Artemisia - Agriturismo tra tradizione e modernit\u00e0","potentialAction":[{"@type":"SearchAction","target":{"@type":"EntryPoint","urlTemplate":"https:\/\/tenuteartemisia.com\/?s={search_term_string}"},"query-input":{"@type":"PropertyValueSpecification","valueRequired":true,"valueName":"search_term_string"}}],"inLanguage":"de"}]}},"_links":{"self":[{"href":"https:\/\/tenuteartemisia.com\/de\/wp-json\/wp\/v2\/pages\/8675","targetHints":{"allow":["GET"]}}],"collection":[{"href":"https:\/\/tenuteartemisia.com\/de\/wp-json\/wp\/v2\/pages"}],"about":[{"href":"https:\/\/tenuteartemisia.com\/de\/wp-json\/wp\/v2\/types\/page"}],"author":[{"embeddable":true,"href":"https:\/\/tenuteartemisia.com\/de\/wp-json\/wp\/v2\/users\/1"}],"replies":[{"embeddable":true,"href":"https:\/\/tenuteartemisia.com\/de\/wp-json\/wp\/v2\/comments?post=8675"}],"version-history":[{"count":10,"href":"https:\/\/tenuteartemisia.com\/de\/wp-json\/wp\/v2\/pages\/8675\/revisions"}],"predecessor-version":[{"id":9645,"href":"https:\/\/tenuteartemisia.com\/de\/wp-json\/wp\/v2\/pages\/8675\/revisions\/9645"}],"wp:attachment":[{"href":"https:\/\/tenuteartemisia.com\/de\/wp-json\/wp\/v2\/media?parent=8675"}],"curies":[{"name":"wp","href":"https:\/\/api.w.org\/{rel}","templated":true}]}}