{"id":8706,"date":"2024-11-11T03:43:29","date_gmt":"2024-11-11T01:43:29","guid":{"rendered":"https:\/\/tenuteartemisia.com\/?page_id=8706"},"modified":"2025-06-05T13:38:35","modified_gmt":"2025-06-05T11:38:35","slug":"video-blog","status":"publish","type":"page","link":"https:\/\/tenuteartemisia.com\/de\/video-blog\/","title":{"rendered":"VideoBlog"},"content":{"rendered":"<div data-elementor-type=\"wp-page\" data-elementor-id=\"8706\" class=\"elementor elementor-8706\" data-elementor-post-type=\"page\">\n\t\t\t\t<div class=\"elementor-element elementor-element-4e9bf18 e-con-full e-flex e-con e-parent\" data-id=\"4e9bf18\" data-element_type=\"container\" data-settings=\"{&quot;background_background&quot;:&quot;classic&quot;}\">\n\t\t\t\t<div class=\"elementor-element elementor-element-d98d976 elementor-widget elementor-widget-heading\" data-id=\"d98d976\" data-element_type=\"widget\" data-widget_type=\"heading.default\">\n\t\t\t\t<div class=\"elementor-widget-container\">\n\t\t\t<style>\/*! elementor - v3.23.0 - 05-08-2024 *\/\n.elementor-heading-title{padding:0;margin:0;line-height:1}.elementor-widget-heading .elementor-heading-title[class*=elementor-size-]>a{color:inherit;font-size:inherit;line-height:inherit}.elementor-widget-heading .elementor-heading-title.elementor-size-small{font-size:15px}.elementor-widget-heading .elementor-heading-title.elementor-size-medium{font-size:19px}.elementor-widget-heading .elementor-heading-title.elementor-size-large{font-size:29px}.elementor-widget-heading .elementor-heading-title.elementor-size-xl{font-size:39px}.elementor-widget-heading .elementor-heading-title.elementor-size-xxl{font-size:59px}<\/style><h1 class=\"elementor-heading-title elementor-size-default\">Video-Blog<\/h1>\t\t<\/div>\n\t\t\t\t<\/div>\n\t\t\t\t<\/div>\n\t\t<div class=\"elementor-element elementor-element-07fadd8 e-flex e-con-boxed e-con e-parent\" data-id=\"07fadd8\" data-element_type=\"container\">\n\t\t\t\t\t<div class=\"e-con-inner\">\n\t\t\t\t<div class=\"elementor-element elementor-element-98822a6 elementor-widget elementor-widget-shortcode\" data-id=\"98822a6\" data-element_type=\"widget\" data-widget_type=\"shortcode.default\">\n\t\t\t\t<div class=\"elementor-widget-container\">\n\t\t\t\t\t<div class=\"elementor-shortcode\">\r\n<div id=\"aiovg-69fe397d2b8351\" class=\"aiovg aiovg-videos aiovg-videos-template-classic\">\r\n            <div class=\"aiovg-count\">\r\n            2 videos found        <\/div>\r\n        \r\n    <!-- Videos -->\r\n    <div class=\"aiovg-section-videos aiovg-grid aiovg-row\">   \r\n                    \r\n            <div class=\"aiovg-item-video aiovg-item-video-8705 aiovg-col aiovg-col-3 aiovg-col-xs-2\" data-id=\"8705\">\r\n                \n<div class=\"aiovg-thumbnail aiovg-thumbnail-style-image-top\">\n    <a href=\"https:\/\/tenuteartemisia.com\/de\/video\/naturliche-produkte\/\" class=\"aiovg-responsive-container\" style=\"padding-bottom: 56.25%;\">\n        <img decoding=\"async\" src=\"https:\/\/tenuteartemisia.com\/wp-content\/uploads\/2024\/11\/20210228_104448-300x169.jpg\" alt=\"Nat\u00fcrliche Produkte\" class=\"aiovg-responsive-element\" loading=\"lazy\" \/>                    \n        \n                    <div class=\"aiovg-duration\">\n                16:21            <\/div>\n        \n                    <svg xmlns=\"http:\/\/www.w3.org\/2000\/svg\" fill=\"white\" width=\"40\" height=\"40\" viewbox=\"0 0 24 24\" class=\"aiovg-svg-icon-play aiovg-flex-shrink-0\">\n                <path fill-rule=\"evenodd\" d=\"M2.25 12c0-5.385 4.365-9.75 9.75-9.75s9.75 4.365 9.75 9.75-4.365 9.75-9.75 9.75S2.25 17.385 2.25 12Zm14.024-.983a1.125 1.125 0 0 1 0 1.966l-5.603 3.113A1.125 1.125 0 0 1 9 15.113V8.887c0-.857.921-1.4 1.671-.983l5.603 3.113Z\" clip-rule=\"evenodd\" \/>\n            <\/svg>\n        \n            <\/a>    \t\n    \n    <div class=\"aiovg-caption\">\n                    <div class=\"aiovg-title\">\n                <a href=\"https:\/\/tenuteartemisia.com\/de\/video\/naturliche-produkte\/\" class=\"aiovg-link-title\">Nat\u00fcrliche Produkte<\/a>            <\/div>\n        \n        \n        <div class=\"aiovg-meta aiovg-flex aiovg-flex-wrap aiovg-gap-1 aiovg-items-center aiovg-text-small\"><div class=\"aiovg-views aiovg-flex aiovg-gap-1 aiovg-items-center\"><svg xmlns=\"http:\/\/www.w3.org\/2000\/svg\" fill=\"none\" width=\"16\" height=\"16\" viewbox=\"0 0 24 24\" stroke-width=\"1.5\" stroke=\"currentColor\" class=\"aiovg-flex-shrink-0\">\n                <path stroke-linecap=\"round\" stroke-linejoin=\"round\" d=\"M2.036 12.322a1.012 1.012 0 0 1 0-.639C3.423 7.51 7.36 4.5 12 4.5c4.638 0 8.573 3.007 9.963 7.178.07.207.07.431 0 .639C20.577 16.49 16.64 19.5 12 19.5c-4.638 0-8.573-3.007-9.963-7.178Z\" \/>\n                <path stroke-linecap=\"round\" stroke-linejoin=\"round\" d=\"M15 12a3 3 0 1 1-6 0 3 3 0 0 1 6 0Z\" \/>\n            <\/svg><span class=\"aiovg-views-count\">9<\/span><span class=\"aiovg-views-label\">views<\/span><\/div><\/div>       \n        \n        <div class=\"aiovg-category aiovg-flex aiovg-flex-wrap aiovg-gap-1 aiovg-items-center aiovg-text-small\"><svg xmlns=\"http:\/\/www.w3.org\/2000\/svg\" fill=\"none\" width=\"16\" height=\"16\" viewbox=\"0 0 24 24\" stroke-width=\"1.5\" stroke=\"currentColor\" class=\"aiovg-flex-shrink-0\">\n                    <path stroke-linecap=\"round\" stroke-linejoin=\"round\" d=\"M3.75 9.776c.112-.017.227-.026.344-.026h15.812c.117 0 .232.009.344.026m-16.5 0a2.25 2.25 0 0 0-1.883 2.542l.857 6a2.25 2.25 0 0 0 2.227 1.932H19.05a2.25 2.25 0 0 0 2.227-1.932l.857-6a2.25 2.25 0 0 0-1.883-2.542m-16.5 0V6A2.25 2.25 0 0 1 6 3.75h3.879a1.5 1.5 0 0 1 1.06.44l2.122 2.12a1.5 1.5 0 0 0 1.06.44H18A2.25 2.25 0 0 1 20.25 9v.776\" \/>\n                <\/svg><div class=\"aiovg-item-category\"><a href=\"https:\/\/tenuteartemisia.com\/de\/video-kategorie\/consigli-per-il-benessere-e-lalimentazione-naturale\/\" class=\"aiovg-link-category\">Tipps f\u00fcr Wohlbefinden und nat\u00fcrliche Ern\u00e4hrung<\/a><\/div><\/div>\n               \n\n         \n        \n            <\/div>    \n<\/div>            \r\n            <\/div>                \r\n                        \r\n            <div class=\"aiovg-item-video aiovg-item-video-8695 aiovg-col aiovg-col-3 aiovg-col-xs-2\" data-id=\"8695\">\r\n                \n<div class=\"aiovg-thumbnail aiovg-thumbnail-style-image-top\">\n    <a href=\"https:\/\/tenuteartemisia.com\/de\/video\/pistaziencreme\/\" class=\"aiovg-responsive-container\" style=\"padding-bottom: 56.25%;\">\n        <img decoding=\"async\" src=\"https:\/\/tenuteartemisia.com\/wp-content\/uploads\/2024\/11\/H6A3319-copia-300x200.jpg\" alt=\"Pistaziencreme\" class=\"aiovg-responsive-element\" loading=\"lazy\" \/>                    \n        \n                    <div class=\"aiovg-duration\">\n                16:21            <\/div>\n        \n                    <svg xmlns=\"http:\/\/www.w3.org\/2000\/svg\" fill=\"white\" width=\"40\" height=\"40\" viewbox=\"0 0 24 24\" class=\"aiovg-svg-icon-play aiovg-flex-shrink-0\">\n                <path fill-rule=\"evenodd\" d=\"M2.25 12c0-5.385 4.365-9.75 9.75-9.75s9.75 4.365 9.75 9.75-4.365 9.75-9.75 9.75S2.25 17.385 2.25 12Zm14.024-.983a1.125 1.125 0 0 1 0 1.966l-5.603 3.113A1.125 1.125 0 0 1 9 15.113V8.887c0-.857.921-1.4 1.671-.983l5.603 3.113Z\" clip-rule=\"evenodd\" \/>\n            <\/svg>\n        \n            <\/a>    \t\n    \n    <div class=\"aiovg-caption\">\n                    <div class=\"aiovg-title\">\n                <a href=\"https:\/\/tenuteartemisia.com\/de\/video\/pistaziencreme\/\" class=\"aiovg-link-title\">Pistaziencreme<\/a>            <\/div>\n        \n        \n        <div class=\"aiovg-meta aiovg-flex aiovg-flex-wrap aiovg-gap-1 aiovg-items-center aiovg-text-small\"><div class=\"aiovg-views aiovg-flex aiovg-gap-1 aiovg-items-center\"><svg xmlns=\"http:\/\/www.w3.org\/2000\/svg\" fill=\"none\" width=\"16\" height=\"16\" viewbox=\"0 0 24 24\" stroke-width=\"1.5\" stroke=\"currentColor\" class=\"aiovg-flex-shrink-0\">\n                <path stroke-linecap=\"round\" stroke-linejoin=\"round\" d=\"M2.036 12.322a1.012 1.012 0 0 1 0-.639C3.423 7.51 7.36 4.5 12 4.5c4.638 0 8.573 3.007 9.963 7.178.07.207.07.431 0 .639C20.577 16.49 16.64 19.5 12 19.5c-4.638 0-8.573-3.007-9.963-7.178Z\" \/>\n                <path stroke-linecap=\"round\" stroke-linejoin=\"round\" d=\"M15 12a3 3 0 1 1-6 0 3 3 0 0 1 6 0Z\" \/>\n            <\/svg><span class=\"aiovg-views-count\">6<\/span><span class=\"aiovg-views-label\">views<\/span><\/div><\/div>       \n        \n        <div class=\"aiovg-category aiovg-flex aiovg-flex-wrap aiovg-gap-1 aiovg-items-center aiovg-text-small\"><svg xmlns=\"http:\/\/www.w3.org\/2000\/svg\" fill=\"none\" width=\"16\" height=\"16\" viewbox=\"0 0 24 24\" stroke-width=\"1.5\" stroke=\"currentColor\" class=\"aiovg-flex-shrink-0\">\n                    <path stroke-linecap=\"round\" stroke-linejoin=\"round\" d=\"M3.75 9.776c.112-.017.227-.026.344-.026h15.812c.117 0 .232.009.344.026m-16.5 0a2.25 2.25 0 0 0-1.883 2.542l.857 6a2.25 2.25 0 0 0 2.227 1.932H19.05a2.25 2.25 0 0 0 2.227-1.932l.857-6a2.25 2.25 0 0 0-1.883-2.542m-16.5 0V6A2.25 2.25 0 0 1 6 3.75h3.879a1.5 1.5 0 0 1 1.06.44l2.122 2.12a1.5 1.5 0 0 0 1.06.44H18A2.25 2.25 0 0 1 20.25 9v.776\" \/>\n                <\/svg><div class=\"aiovg-item-category\"><a href=\"https:\/\/tenuteartemisia.com\/de\/video-kategorie\/ricette-e-cucina-tradizionale\/\" class=\"aiovg-link-category\">Rezepte und traditionelle K\u00fcche<\/a><\/div><\/div>\n               \n\n         \n        \n            <\/div>    \n<\/div>            \r\n            <\/div>                \r\n                <\/div>\r\n    \r\n    <\/div><\/div>\n\t\t\t\t<\/div>\n\t\t\t\t<\/div>\n\t\t\t\t\t<\/div>\n\t\t\t\t<\/div>\n\t\t\t\t<\/div>","protected":false},"excerpt":{"rendered":"<p>Video-Blog<\/p>","protected":false},"author":1,"featured_media":0,"parent":0,"menu_order":0,"comment_status":"closed","ping_status":"closed","template":"elementor_header_footer","meta":{"_acf_changed":false,"wprm-recipe-roundup-name":"","wprm-recipe-roundup-description":"","_monsterinsights_skip_tracking":false,"_monsterinsights_sitenote_active":false,"_monsterinsights_sitenote_note":"","_monsterinsights_sitenote_category":0,"footnotes":""},"class_list":["post-8706","page","type-page","status-publish","hentry"],"acf":[],"yoast_head":"<!-- This site is optimized with the Yoast SEO plugin v25.9 - https:\/\/yoast.com\/wordpress\/plugins\/seo\/ -->\n<title>VideoBlog - Tenute Artemisia<\/title>\n<meta name=\"robots\" content=\"index, follow, max-snippet:-1, max-image-preview:large, max-video-preview:-1\" \/>\n<link rel=\"canonical\" href=\"https:\/\/tenuteartemisia.com\/de\/video-blog\/\" \/>\n<meta property=\"og:locale\" content=\"de_DE\" \/>\n<meta property=\"og:type\" content=\"article\" \/>\n<meta property=\"og:title\" content=\"VideoBlog - Tenute Artemisia\" \/>\n<meta property=\"og:description\" content=\"Video Blog\" \/>\n<meta property=\"og:url\" content=\"https:\/\/tenuteartemisia.com\/de\/video-blog\/\" \/>\n<meta property=\"og:site_name\" content=\"Tenute Artemisia\" \/>\n<meta property=\"article:modified_time\" content=\"2025-06-05T11:38:35+00:00\" \/>\n<meta name=\"twitter:card\" content=\"summary_large_image\" \/>\n<meta name=\"twitter:label1\" content=\"Gesch\u00e4tzte Lesezeit\" \/>\n\t<meta name=\"twitter:data1\" content=\"1\u00a0Minute\" \/>\n<script type=\"application\/ld+json\" class=\"yoast-schema-graph\">{\"@context\":\"https:\/\/schema.org\",\"@graph\":[{\"@type\":\"WebPage\",\"@id\":\"https:\/\/tenuteartemisia.com\/video-blog\/\",\"url\":\"https:\/\/tenuteartemisia.com\/video-blog\/\",\"name\":\"VideoBlog - Tenute Artemisia\",\"isPartOf\":{\"@id\":\"https:\/\/tenuteartemisia.com\/#website\"},\"datePublished\":\"2024-11-11T01:43:29+00:00\",\"dateModified\":\"2025-06-05T11:38:35+00:00\",\"breadcrumb\":{\"@id\":\"https:\/\/tenuteartemisia.com\/video-blog\/#breadcrumb\"},\"inLanguage\":\"de\",\"potentialAction\":[{\"@type\":\"ReadAction\",\"target\":[\"https:\/\/tenuteartemisia.com\/video-blog\/\"]}]},{\"@type\":\"BreadcrumbList\",\"@id\":\"https:\/\/tenuteartemisia.com\/video-blog\/#breadcrumb\",\"itemListElement\":[{\"@type\":\"ListItem\",\"position\":1,\"name\":\"Home\",\"item\":\"https:\/\/tenuteartemisia.com\/\"},{\"@type\":\"ListItem\",\"position\":2,\"name\":\"VideoBlog\"}]},{\"@type\":\"WebSite\",\"@id\":\"https:\/\/tenuteartemisia.com\/#website\",\"url\":\"https:\/\/tenuteartemisia.com\/\",\"name\":\"Tenute Artemisia\",\"description\":\"Benvenuti a Tenute Artemisia - Agriturismo tra tradizione e modernit\u00e0\",\"potentialAction\":[{\"@type\":\"SearchAction\",\"target\":{\"@type\":\"EntryPoint\",\"urlTemplate\":\"https:\/\/tenuteartemisia.com\/?s={search_term_string}\"},\"query-input\":{\"@type\":\"PropertyValueSpecification\",\"valueRequired\":true,\"valueName\":\"search_term_string\"}}],\"inLanguage\":\"de\"}]}<\/script>\n<!-- \/ Yoast SEO plugin. -->","yoast_head_json":{"title":"VideoBlog - Tenute Artemisia","robots":{"index":"index","follow":"follow","max-snippet":"max-snippet:-1","max-image-preview":"max-image-preview:large","max-video-preview":"max-video-preview:-1"},"canonical":"https:\/\/tenuteartemisia.com\/de\/video-blog\/","og_locale":"de_DE","og_type":"article","og_title":"VideoBlog - Tenute Artemisia","og_description":"Video Blog","og_url":"https:\/\/tenuteartemisia.com\/de\/video-blog\/","og_site_name":"Tenute Artemisia","article_modified_time":"2025-06-05T11:38:35+00:00","twitter_card":"summary_large_image","twitter_misc":{"Gesch\u00e4tzte Lesezeit":"1\u00a0Minute"},"schema":{"@context":"https:\/\/schema.org","@graph":[{"@type":"WebPage","@id":"https:\/\/tenuteartemisia.com\/video-blog\/","url":"https:\/\/tenuteartemisia.com\/video-blog\/","name":"VideoBlog - Tenute Artemisia","isPartOf":{"@id":"https:\/\/tenuteartemisia.com\/#website"},"datePublished":"2024-11-11T01:43:29+00:00","dateModified":"2025-06-05T11:38:35+00:00","breadcrumb":{"@id":"https:\/\/tenuteartemisia.com\/video-blog\/#breadcrumb"},"inLanguage":"de","potentialAction":[{"@type":"ReadAction","target":["https:\/\/tenuteartemisia.com\/video-blog\/"]}]},{"@type":"BreadcrumbList","@id":"https:\/\/tenuteartemisia.com\/video-blog\/#breadcrumb","itemListElement":[{"@type":"ListItem","position":1,"name":"Home","item":"https:\/\/tenuteartemisia.com\/"},{"@type":"ListItem","position":2,"name":"VideoBlog"}]},{"@type":"WebSite","@id":"https:\/\/tenuteartemisia.com\/#website","url":"https:\/\/tenuteartemisia.com\/","name":"Tenute Artemisia","description":"Benvenuti a Tenute Artemisia - Agriturismo tra tradizione e modernit\u00e0","potentialAction":[{"@type":"SearchAction","target":{"@type":"EntryPoint","urlTemplate":"https:\/\/tenuteartemisia.com\/?s={search_term_string}"},"query-input":{"@type":"PropertyValueSpecification","valueRequired":true,"valueName":"search_term_string"}}],"inLanguage":"de"}]}},"_links":{"self":[{"href":"https:\/\/tenuteartemisia.com\/de\/wp-json\/wp\/v2\/pages\/8706","targetHints":{"allow":["GET"]}}],"collection":[{"href":"https:\/\/tenuteartemisia.com\/de\/wp-json\/wp\/v2\/pages"}],"about":[{"href":"https:\/\/tenuteartemisia.com\/de\/wp-json\/wp\/v2\/types\/page"}],"author":[{"embeddable":true,"href":"https:\/\/tenuteartemisia.com\/de\/wp-json\/wp\/v2\/users\/1"}],"replies":[{"embeddable":true,"href":"https:\/\/tenuteartemisia.com\/de\/wp-json\/wp\/v2\/comments?post=8706"}],"version-history":[{"count":8,"href":"https:\/\/tenuteartemisia.com\/de\/wp-json\/wp\/v2\/pages\/8706\/revisions"}],"predecessor-version":[{"id":9624,"href":"https:\/\/tenuteartemisia.com\/de\/wp-json\/wp\/v2\/pages\/8706\/revisions\/9624"}],"wp:attachment":[{"href":"https:\/\/tenuteartemisia.com\/de\/wp-json\/wp\/v2\/media?parent=8706"}],"curies":[{"name":"wp","href":"https:\/\/api.w.org\/{rel}","templated":true}]}}