{"id":8675,"date":"2024-11-11T02:05:26","date_gmt":"2024-11-11T00:05:26","guid":{"rendered":"https:\/\/tenuteartemisia.com\/?page_id=8675"},"modified":"2025-06-05T14:07:08","modified_gmt":"2025-06-05T12:07:08","slug":"pagamento-sicuro","status":"publish","type":"page","link":"https:\/\/tenuteartemisia.com\/fr\/paiement-securise\/","title":{"rendered":"Paiement s\u00e9curis\u00e9"},"content":{"rendered":"<div data-elementor-type=\"wp-page\" data-elementor-id=\"8675\" class=\"elementor elementor-8675\" data-elementor-post-type=\"page\">\n\t\t\t\t<div class=\"elementor-element elementor-element-4e9bf18 e-con-full e-flex e-con e-parent\" data-id=\"4e9bf18\" data-element_type=\"container\" data-settings=\"{&quot;background_background&quot;:&quot;classic&quot;}\">\n\t\t\t\t<div class=\"elementor-element elementor-element-d98d976 elementor-widget elementor-widget-heading\" data-id=\"d98d976\" data-element_type=\"widget\" data-widget_type=\"heading.default\">\n\t\t\t\t<div class=\"elementor-widget-container\">\n\t\t\t<style>\/*! elementor - v3.23.0 - 05-08-2024 *\/\n.elementor-heading-title{padding:0;margin:0;line-height:1}.elementor-widget-heading .elementor-heading-title[class*=elementor-size-]>a{color:inherit;font-size:inherit;line-height:inherit}.elementor-widget-heading .elementor-heading-title.elementor-size-small{font-size:15px}.elementor-widget-heading .elementor-heading-title.elementor-size-medium{font-size:19px}.elementor-widget-heading .elementor-heading-title.elementor-size-large{font-size:29px}.elementor-widget-heading .elementor-heading-title.elementor-size-xl{font-size:39px}.elementor-widget-heading .elementor-heading-title.elementor-size-xxl{font-size:59px}<\/style><h1 class=\"elementor-heading-title elementor-size-default\">Paiement s\u00e9curis\u00e9<\/h1>\t\t<\/div>\n\t\t\t\t<\/div>\n\t\t\t\t<\/div>\n\t\t<div class=\"elementor-element elementor-element-07fadd8 e-flex e-con-boxed e-con e-parent\" data-id=\"07fadd8\" data-element_type=\"container\">\n\t\t\t\t\t<div class=\"e-con-inner\">\n\t\t\t\t<div class=\"elementor-element elementor-element-32848e5 elementor-widget elementor-widget-text-editor\" data-id=\"32848e5\" data-element_type=\"widget\" data-widget_type=\"text-editor.default\">\n\t\t\t\t<div class=\"elementor-widget-container\">\n\t\t\t<style>\/*! elementor - v3.23.0 - 05-08-2024 *\/\n.elementor-widget-text-editor.elementor-drop-cap-view-stacked .elementor-drop-cap{background-color:#69727d;color:#fff}.elementor-widget-text-editor.elementor-drop-cap-view-framed .elementor-drop-cap{color:#69727d;border:3px solid;background-color:transparent}.elementor-widget-text-editor:not(.elementor-drop-cap-view-default) .elementor-drop-cap{margin-top:8px}.elementor-widget-text-editor:not(.elementor-drop-cap-view-default) .elementor-drop-cap-letter{width:1em;height:1em}.elementor-widget-text-editor .elementor-drop-cap{float:left;text-align:center;line-height:1;font-size:50px}.elementor-widget-text-editor .elementor-drop-cap-letter{display:inline-block}<\/style>\t\t\t\t<p>Bienvenue sur le site de la <strong>Paiement s\u00e9curis\u00e9<\/strong> de Tenute Artemisia. La s\u00e9curit\u00e9 des transactions est notre priorit\u00e9. C'est pourquoi nous avons choisi des moyens de paiement fiables et s\u00e9curis\u00e9s qui garantissent la protection de vos donn\u00e9es et la tranquillit\u00e9 d'esprit lors de vos achats. Vous trouverez ci-dessous un aper\u00e7u des moyens de paiement disponibles sur notre site et des mesures de s\u00e9curit\u00e9 prises pour prot\u00e9ger vos transactions.<\/p><h3>Modes de paiement<\/h3><p>Nous proposons plusieurs modes de paiement pour rendre vos achats pratiques et s\u00fbrs :<\/p><ol><li><p><strong>PayPal<\/strong><\/p><ul><li><strong>Paiements s\u00fbrs et s\u00e9curis\u00e9s<\/strong>Avec PayPal, vous effectuez des paiements en ligne sans avoir \u00e0 communiquer vos informations financi\u00e8res. PayPal utilise des technologies de cryptage avanc\u00e9es pour s\u00e9curiser les transactions et offre un syst\u00e8me de protection des acheteurs.<\/li><li><strong>Simplicit\u00e9 et rapidit\u00e9<\/strong>Avec PayPal, vous pouvez effectuer des paiements en quelques clics en vous connectant \u00e0 votre compte et en confirmant votre achat. Vous n'avez pas besoin de saisir les donn\u00e9es de votre carte de cr\u00e9dit \u00e0 chaque fois, ce qui rend le processus rapide et s\u00fbr.<\/li><\/ul><\/li><li><p><strong>Cartes de cr\u00e9dit et de d\u00e9bit avec Stripe<\/strong><\/p><ul><li><strong>Paiements s\u00e9curis\u00e9s avec Stripe<\/strong>Tenute Artemisia utilise Stripe pour le traitement des paiements par carte de cr\u00e9dit et de d\u00e9bit. Stripe est l'un des fournisseurs de paiement les plus fiables et les plus avanc\u00e9s au monde, offrant une protection compl\u00e8te des donn\u00e9es et des transactions.<\/li><li><strong>Cartes accept\u00e9es<\/strong>Les cartes de cr\u00e9dit : Nous acceptons tous les principaux circuits de cartes de cr\u00e9dit et de d\u00e9bit, y compris Visa, MasterCard et American Express. Les transactions sont prot\u00e9g\u00e9es par des syst\u00e8mes de cryptage TLS (Transport Layer Security), qui garantissent une transmission s\u00e9curis\u00e9e des donn\u00e9es.<\/li><li><strong>Authentification forte du client (SCA)<\/strong>Stripe met en \u0153uvre une authentification \u00e0 deux facteurs pour garantir que les transactions sont autoris\u00e9es et prot\u00e9g\u00e9es contre tout acc\u00e8s non autoris\u00e9.<\/li><\/ul><\/li><li><p><strong>Virement bancaire<\/strong><\/p><ul><li><strong>Option de paiement traditionnel<\/strong>Paiement par virement bancaire : Pour ceux qui pr\u00e9f\u00e8rent le paiement direct, nous offrons la possibilit\u00e9 de payer par virement bancaire. Une fois que vous aurez pass\u00e9 votre commande, vous recevrez des instructions sur la mani\u00e8re d'effectuer le paiement par virement bancaire.<\/li><li><strong>S\u00e9curit\u00e9 et tra\u00e7abilit\u00e9<\/strong>Virement bancaire : Le virement bancaire est une m\u00e9thode s\u00e9curis\u00e9e et tra\u00e7able qui vous permet de contr\u00f4ler enti\u00e8rement la transaction par l'interm\u00e9diaire de votre banque. Les commandes seront trait\u00e9es d\u00e8s que le paiement sera visible dans nos syst\u00e8mes.<\/li><\/ul><\/li><\/ol><h3>S\u00e9curit\u00e9 des transactions<\/h3><p>Pour garantir la s\u00e9curit\u00e9 de chaque achat, nous adoptons les meilleures pratiques en mati\u00e8re de protection des transactions et des donn\u00e9es personnelles :<\/p><ul><li><strong>Certificat SSL<\/strong>: Le site <a href=\"https:\/\/tenuteartemisia.com\/fr\/\" target=\"_new\" rel=\"noopener\">https:\/\/tenuteartemisia.com<\/a> est prot\u00e9g\u00e9 par un certificat SSL (Secure Socket Layer) qui crypte les donn\u00e9es transmises entre votre appareil et nos serveurs, rendant l'information inintelligible pour des tiers.<\/li><li><strong>Protection des donn\u00e9es sensibles<\/strong>Nous ne conservons pas les d\u00e9tails de votre carte de cr\u00e9dit ni d'autres informations sensibles. Ces informations sont trait\u00e9es directement par nos partenaires de paiement, PayPal et Stripe, qui respectent les normes de s\u00e9curit\u00e9 les plus strictes, telles que la norme PCI DSS (Payment Card Industry Data Security Standard).<\/li><li><strong>Contr\u00f4le de la fraude<\/strong>Les paiements par carte de cr\u00e9dit font l'objet de contr\u00f4les anti-fraude afin d'assurer la s\u00e9curit\u00e9 des utilisateurs et la protection contre les activit\u00e9s frauduleuses.<\/li><\/ul><h3>Conseils pour la s\u00e9curit\u00e9 des acheteurs<\/h3><p>Pour garantir la s\u00e9curit\u00e9 de vos transactions, nous vous conseillons de :<\/p><ul><li>N'effectuez vos achats que sur des appareils prot\u00e9g\u00e9s par des logiciels antivirus et pare-feu \u00e0 jour.<\/li><li>Ne pas partager les informations de paiement avec des tiers.<\/li><li>Surveillez le compte pour d\u00e9tecter les transactions non autoris\u00e9es et contactez imm\u00e9diatement le service client\u00e8le en cas de soup\u00e7on.<\/li><\/ul><h3>Service client\u00e8le<\/h3><p>Notre \u00e9quipe est disponible pour r\u00e9pondre \u00e0 toute question ou clarification concernant les paiements et la s\u00e9curit\u00e9 des transactions. Pour obtenir de l'aide, vous pouvez nous contacter par courrier \u00e9lectronique \u00e0 l'adresse suivante <strong><a rel=\"noopener\"><span \n                data-original-string='cO\/xi0AHxaArEqLehSN5cw==bdfAvP0lgePsMWjY4HRJw+bV6\/cv\/Vcwwxnuy5ApZsJb\/k='\n                class='apbct-email-encoder'\n                title='This contact has been encoded by Anti-Spam by CleanTalk. Click to decode. To finish the decoding make sure that JavaScript is enabled in your browser.'>\u00e0<span class=\"apbct-blur\">**<\/span>@<span class=\"apbct-blur\">*************<\/span>ia.com<\/span><\/a><\/strong> ou par l'interm\u00e9diaire du <strong>Contact<\/strong> du site.<\/p><p>Merci d'avoir choisi <strong>Artemisia Estates<\/strong> et d'avoir fait confiance \u00e0 nos services.<\/p>\t\t\t\t\t\t<\/div>\n\t\t\t\t<\/div>\n\t\t\t\t\t<\/div>\n\t\t\t\t<\/div>\n\t\t<div class=\"elementor-element elementor-element-dc4d8b9 e-flex e-con-boxed e-con e-parent\" data-id=\"dc4d8b9\" data-element_type=\"container\">\n\t\t\t\t\t<div class=\"e-con-inner\">\n\t\t\t\t<div class=\"elementor-element elementor-element-9240a5e elementor-widget elementor-widget-spacer\" data-id=\"9240a5e\" data-element_type=\"widget\" data-widget_type=\"spacer.default\">\n\t\t\t\t<div class=\"elementor-widget-container\">\n\t\t\t<style>\/*! elementor - v3.23.0 - 05-08-2024 *\/\n.elementor-column .elementor-spacer-inner{height:var(--spacer-size)}.e-con{--container-widget-width:100%}.e-con-inner>.elementor-widget-spacer,.e-con>.elementor-widget-spacer{width:var(--container-widget-width,var(--spacer-size));--align-self:var(--container-widget-align-self,initial);--flex-shrink:0}.e-con-inner>.elementor-widget-spacer>.elementor-widget-container,.e-con>.elementor-widget-spacer>.elementor-widget-container{height:100%;width:100%}.e-con-inner>.elementor-widget-spacer>.elementor-widget-container>.elementor-spacer,.e-con>.elementor-widget-spacer>.elementor-widget-container>.elementor-spacer{height:100%}.e-con-inner>.elementor-widget-spacer>.elementor-widget-container>.elementor-spacer>.elementor-spacer-inner,.e-con>.elementor-widget-spacer>.elementor-widget-container>.elementor-spacer>.elementor-spacer-inner{height:var(--container-widget-height,var(--spacer-size))}.e-con-inner>.elementor-widget-spacer.elementor-widget-empty,.e-con>.elementor-widget-spacer.elementor-widget-empty{position:relative;min-height:22px;min-width:22px}.e-con-inner>.elementor-widget-spacer.elementor-widget-empty .elementor-widget-empty-icon,.e-con>.elementor-widget-spacer.elementor-widget-empty .elementor-widget-empty-icon{position:absolute;top:0;bottom:0;left:0;right:0;margin:auto;padding:0;width:22px;height:22px}<\/style>\t\t<div class=\"elementor-spacer\">\n\t\t\t<div class=\"elementor-spacer-inner\"><\/div>\n\t\t<\/div>\n\t\t\t\t<\/div>\n\t\t\t\t<\/div>\n\t\t\t\t\t<\/div>\n\t\t\t\t<\/div>\n\t\t\t\t<\/div>","protected":false},"excerpt":{"rendered":"<p>Pagamento Sicuro Benvenuti nella pagina Pagamento Sicuro di Tenute Artemisia. La sicurezza delle transazioni \u00e8 una nostra priorit\u00e0. Per questo motivo, abbiamo scelto metodi di pagamento affidabili e sicuri, che [&hellip;]<\/p>","protected":false},"author":1,"featured_media":0,"parent":0,"menu_order":0,"comment_status":"closed","ping_status":"closed","template":"elementor_header_footer","meta":{"_acf_changed":false,"wprm-recipe-roundup-name":"","wprm-recipe-roundup-description":"","_monsterinsights_skip_tracking":false,"_monsterinsights_sitenote_active":false,"_monsterinsights_sitenote_note":"","_monsterinsights_sitenote_category":0,"footnotes":""},"class_list":["post-8675","page","type-page","status-publish","hentry"],"acf":[],"yoast_head":"<!-- This site is optimized with the Yoast SEO plugin v25.9 - https:\/\/yoast.com\/wordpress\/plugins\/seo\/ -->\n<title>Pagamento Sicuro - Tenute Artemisia<\/title>\n<meta name=\"robots\" content=\"index, follow, max-snippet:-1, max-image-preview:large, max-video-preview:-1\" \/>\n<link rel=\"canonical\" href=\"https:\/\/tenuteartemisia.com\/fr\/paiement-securise\/\" \/>\n<meta property=\"og:locale\" content=\"fr_FR\" \/>\n<meta property=\"og:type\" content=\"article\" \/>\n<meta property=\"og:title\" content=\"Pagamento Sicuro - Tenute Artemisia\" \/>\n<meta property=\"og:description\" content=\"Pagamento Sicuro Benvenuti nella pagina Pagamento Sicuro di Tenute Artemisia. La sicurezza delle transazioni \u00e8 una nostra priorit\u00e0. Per questo motivo, abbiamo scelto metodi di pagamento affidabili e sicuri, che [&hellip;]\" \/>\n<meta property=\"og:url\" content=\"https:\/\/tenuteartemisia.com\/fr\/paiement-securise\/\" \/>\n<meta property=\"og:site_name\" content=\"Tenute Artemisia\" \/>\n<meta property=\"article:modified_time\" content=\"2025-06-05T12:07:08+00:00\" \/>\n<meta name=\"twitter:card\" content=\"summary_large_image\" \/>\n<meta name=\"twitter:label1\" content=\"Dur\u00e9e de lecture estim\u00e9e\" \/>\n\t<meta name=\"twitter:data1\" content=\"4 minutes\" \/>\n<script type=\"application\/ld+json\" class=\"yoast-schema-graph\">{\"@context\":\"https:\/\/schema.org\",\"@graph\":[{\"@type\":\"WebPage\",\"@id\":\"https:\/\/tenuteartemisia.com\/pagamento-sicuro\/\",\"url\":\"https:\/\/tenuteartemisia.com\/pagamento-sicuro\/\",\"name\":\"Pagamento Sicuro - Tenute Artemisia\",\"isPartOf\":{\"@id\":\"https:\/\/tenuteartemisia.com\/#website\"},\"datePublished\":\"2024-11-11T00:05:26+00:00\",\"dateModified\":\"2025-06-05T12:07:08+00:00\",\"breadcrumb\":{\"@id\":\"https:\/\/tenuteartemisia.com\/pagamento-sicuro\/#breadcrumb\"},\"inLanguage\":\"fr-FR\",\"potentialAction\":[{\"@type\":\"ReadAction\",\"target\":[\"https:\/\/tenuteartemisia.com\/pagamento-sicuro\/\"]}]},{\"@type\":\"BreadcrumbList\",\"@id\":\"https:\/\/tenuteartemisia.com\/pagamento-sicuro\/#breadcrumb\",\"itemListElement\":[{\"@type\":\"ListItem\",\"position\":1,\"name\":\"Home\",\"item\":\"https:\/\/tenuteartemisia.com\/\"},{\"@type\":\"ListItem\",\"position\":2,\"name\":\"Pagamento Sicuro\"}]},{\"@type\":\"WebSite\",\"@id\":\"https:\/\/tenuteartemisia.com\/#website\",\"url\":\"https:\/\/tenuteartemisia.com\/\",\"name\":\"Tenute Artemisia\",\"description\":\"Benvenuti a Tenute Artemisia - Agriturismo tra tradizione e modernit\u00e0\",\"potentialAction\":[{\"@type\":\"SearchAction\",\"target\":{\"@type\":\"EntryPoint\",\"urlTemplate\":\"https:\/\/tenuteartemisia.com\/?s={search_term_string}\"},\"query-input\":{\"@type\":\"PropertyValueSpecification\",\"valueRequired\":true,\"valueName\":\"search_term_string\"}}],\"inLanguage\":\"fr-FR\"}]}<\/script>\n<!-- \/ Yoast SEO plugin. -->","yoast_head_json":{"title":"Pagamento Sicuro - Tenute Artemisia","robots":{"index":"index","follow":"follow","max-snippet":"max-snippet:-1","max-image-preview":"max-image-preview:large","max-video-preview":"max-video-preview:-1"},"canonical":"https:\/\/tenuteartemisia.com\/fr\/paiement-securise\/","og_locale":"fr_FR","og_type":"article","og_title":"Pagamento Sicuro - Tenute Artemisia","og_description":"Pagamento Sicuro Benvenuti nella pagina Pagamento Sicuro di Tenute Artemisia. La sicurezza delle transazioni \u00e8 una nostra priorit\u00e0. Per questo motivo, abbiamo scelto metodi di pagamento affidabili e sicuri, che [&hellip;]","og_url":"https:\/\/tenuteartemisia.com\/fr\/paiement-securise\/","og_site_name":"Tenute Artemisia","article_modified_time":"2025-06-05T12:07:08+00:00","twitter_card":"summary_large_image","twitter_misc":{"Dur\u00e9e de lecture estim\u00e9e":"4 minutes"},"schema":{"@context":"https:\/\/schema.org","@graph":[{"@type":"WebPage","@id":"https:\/\/tenuteartemisia.com\/pagamento-sicuro\/","url":"https:\/\/tenuteartemisia.com\/pagamento-sicuro\/","name":"Pagamento Sicuro - Tenute Artemisia","isPartOf":{"@id":"https:\/\/tenuteartemisia.com\/#website"},"datePublished":"2024-11-11T00:05:26+00:00","dateModified":"2025-06-05T12:07:08+00:00","breadcrumb":{"@id":"https:\/\/tenuteartemisia.com\/pagamento-sicuro\/#breadcrumb"},"inLanguage":"fr-FR","potentialAction":[{"@type":"ReadAction","target":["https:\/\/tenuteartemisia.com\/pagamento-sicuro\/"]}]},{"@type":"BreadcrumbList","@id":"https:\/\/tenuteartemisia.com\/pagamento-sicuro\/#breadcrumb","itemListElement":[{"@type":"ListItem","position":1,"name":"Home","item":"https:\/\/tenuteartemisia.com\/"},{"@type":"ListItem","position":2,"name":"Pagamento Sicuro"}]},{"@type":"WebSite","@id":"https:\/\/tenuteartemisia.com\/#website","url":"https:\/\/tenuteartemisia.com\/","name":"Tenute Artemisia","description":"Benvenuti a Tenute Artemisia - Agriturismo tra tradizione e modernit\u00e0","potentialAction":[{"@type":"SearchAction","target":{"@type":"EntryPoint","urlTemplate":"https:\/\/tenuteartemisia.com\/?s={search_term_string}"},"query-input":{"@type":"PropertyValueSpecification","valueRequired":true,"valueName":"search_term_string"}}],"inLanguage":"fr-FR"}]}},"_links":{"self":[{"href":"https:\/\/tenuteartemisia.com\/fr\/wp-json\/wp\/v2\/pages\/8675","targetHints":{"allow":["GET"]}}],"collection":[{"href":"https:\/\/tenuteartemisia.com\/fr\/wp-json\/wp\/v2\/pages"}],"about":[{"href":"https:\/\/tenuteartemisia.com\/fr\/wp-json\/wp\/v2\/types\/page"}],"author":[{"embeddable":true,"href":"https:\/\/tenuteartemisia.com\/fr\/wp-json\/wp\/v2\/users\/1"}],"replies":[{"embeddable":true,"href":"https:\/\/tenuteartemisia.com\/fr\/wp-json\/wp\/v2\/comments?post=8675"}],"version-history":[{"count":10,"href":"https:\/\/tenuteartemisia.com\/fr\/wp-json\/wp\/v2\/pages\/8675\/revisions"}],"predecessor-version":[{"id":9645,"href":"https:\/\/tenuteartemisia.com\/fr\/wp-json\/wp\/v2\/pages\/8675\/revisions\/9645"}],"wp:attachment":[{"href":"https:\/\/tenuteartemisia.com\/fr\/wp-json\/wp\/v2\/media?parent=8675"}],"curies":[{"name":"wp","href":"https:\/\/api.w.org\/{rel}","templated":true}]}}