{"id":8690,"date":"2024-11-11T03:09:45","date_gmt":"2024-11-11T01:09:45","guid":{"rendered":"https:\/\/tenuteartemisia.com\/video-category\/"},"modified":"2024-11-11T12:02:29","modified_gmt":"2024-11-11T10:02:29","slug":"video-category","status":"publish","type":"page","link":"https:\/\/tenuteartemisia.com\/fr\/categorie-video\/","title":{"rendered":"Cat\u00e9gorie vid\u00e9o"},"content":{"rendered":"<div id=\"aiovg-69fe821415a101\" class=\"aiovg aiovg-categories aiovg-categories-template-grid\">\r\n        \r\n    <div class=\"aiovg-section-categories aiovg-grid aiovg-row\">\r\n                    \r\n            <div class=\"aiovg-item-category aiovg-item-category-231 aiovg-col aiovg-col-3 aiovg-col-xs-2\" data-id=\"231\">\t\t\r\n                \n<div class=\"aiovg-thumbnail\">\n    <a href=\"https:\/\/tenuteartemisia.com\/fr\/categorie-video\/consigli-per-il-benessere-e-lalimentazione-naturale\/\" class=\"aiovg-responsive-container\" style=\"padding-bottom: 56.25%;\">\n        <img decoding=\"async\" src=\"https:\/\/tenuteartemisia.com\/wp-content\/plugins\/all-in-one-video-gallery\/public\/assets\/images\/placeholder-image.png\" class=\"aiovg-responsive-element\" alt=\"Conseils pour le bien-\u00eatre et l&#039;alimentation naturelle\" loading=\"lazy\" \/>\n    <\/a>\n    \n    <div class=\"aiovg-caption\">\n        <div class=\"aiovg-title\">\n            <a href=\"https:\/\/tenuteartemisia.com\/fr\/categorie-video\/consigli-per-il-benessere-e-lalimentazione-naturale\/\" class=\"aiovg-link-title\">\n                Conseils pour le bien-\u00eatre et l'alimentation naturelle            <\/a>\n        <\/div>        \n\n                    <div class=\"aiovg-count aiovg-flex aiovg-gap-1 aiovg-items-center aiovg-text-muted aiovg-text-small\">\n                <svg xmlns=\"http:\/\/www.w3.org\/2000\/svg\" fill=\"none\" width=\"16\" height=\"16\" viewbox=\"0 0 24 24\" stroke-width=\"1.5\" stroke=\"currentColor\" class=\"aiovg-flex-shrink-0\">\n                    <path stroke-linecap=\"round\" stroke-linejoin=\"round\" d=\"M21 12a9 9 0 1 1-18 0 9 9 0 0 1 18 0Z\" \/>\n                    <path stroke-linecap=\"round\" stroke-linejoin=\"round\" d=\"M15.91 11.672a.375.375 0 0 1 0 .656l-5.603 3.113a.375.375 0 0 1-.557-.328V8.887c0-.286.307-.466.557-.327l5.603 3.112Z\" \/>\n                <\/svg>\n                1 video            <\/div>\n         \n        \n            <\/div>            \t\t\t\n<\/div>\t\t\r\n            <\/div> \r\n                    \r\n            <div class=\"aiovg-item-category aiovg-item-category-230 aiovg-col aiovg-col-3 aiovg-col-xs-2\" data-id=\"230\">\t\t\r\n                \n<div class=\"aiovg-thumbnail\">\n    <a href=\"https:\/\/tenuteartemisia.com\/fr\/categorie-video\/curiosita-e-tradizioni-siciliane\/\" class=\"aiovg-responsive-container\" style=\"padding-bottom: 56.25%;\">\n        <img decoding=\"async\" src=\"https:\/\/tenuteartemisia.com\/wp-content\/plugins\/all-in-one-video-gallery\/public\/assets\/images\/placeholder-image.png\" class=\"aiovg-responsive-element\" alt=\"Curiosit\u00e9s et traditions siciliennes\" loading=\"lazy\" \/>\n    <\/a>\n    \n    <div class=\"aiovg-caption\">\n        <div class=\"aiovg-title\">\n            <a href=\"https:\/\/tenuteartemisia.com\/fr\/categorie-video\/curiosita-e-tradizioni-siciliane\/\" class=\"aiovg-link-title\">\n                Curiosit\u00e9s et traditions siciliennes            <\/a>\n        <\/div>        \n\n                    <div class=\"aiovg-count aiovg-flex aiovg-gap-1 aiovg-items-center aiovg-text-muted aiovg-text-small\">\n                <svg xmlns=\"http:\/\/www.w3.org\/2000\/svg\" fill=\"none\" width=\"16\" height=\"16\" viewbox=\"0 0 24 24\" stroke-width=\"1.5\" stroke=\"currentColor\" class=\"aiovg-flex-shrink-0\">\n                    <path stroke-linecap=\"round\" stroke-linejoin=\"round\" d=\"M21 12a9 9 0 1 1-18 0 9 9 0 0 1 18 0Z\" \/>\n                    <path stroke-linecap=\"round\" stroke-linejoin=\"round\" d=\"M15.91 11.672a.375.375 0 0 1 0 .656l-5.603 3.113a.375.375 0 0 1-.557-.328V8.887c0-.286.307-.466.557-.327l5.603 3.112Z\" \/>\n                <\/svg>\n                0 videos            <\/div>\n         \n        \n            <\/div>            \t\t\t\n<\/div>\t\t\r\n            <\/div> \r\n                    \r\n            <div class=\"aiovg-item-category aiovg-item-category-226 aiovg-col aiovg-col-3 aiovg-col-xs-2\" data-id=\"226\">\t\t\r\n                \n<div class=\"aiovg-thumbnail\">\n    <a href=\"https:\/\/tenuteartemisia.com\/fr\/categorie-video\/degustazioni-e-abbinamenti\/\" class=\"aiovg-responsive-container\" style=\"padding-bottom: 56.25%;\">\n        <img decoding=\"async\" src=\"https:\/\/tenuteartemisia.com\/wp-content\/plugins\/all-in-one-video-gallery\/public\/assets\/images\/placeholder-image.png\" class=\"aiovg-responsive-element\" alt=\"D\u00e9gustations et accords\" loading=\"lazy\" \/>\n    <\/a>\n    \n    <div class=\"aiovg-caption\">\n        <div class=\"aiovg-title\">\n            <a href=\"https:\/\/tenuteartemisia.com\/fr\/categorie-video\/degustazioni-e-abbinamenti\/\" class=\"aiovg-link-title\">\n                D\u00e9gustations et accords            <\/a>\n        <\/div>        \n\n                    <div class=\"aiovg-count aiovg-flex aiovg-gap-1 aiovg-items-center aiovg-text-muted aiovg-text-small\">\n                <svg xmlns=\"http:\/\/www.w3.org\/2000\/svg\" fill=\"none\" width=\"16\" height=\"16\" viewbox=\"0 0 24 24\" stroke-width=\"1.5\" stroke=\"currentColor\" class=\"aiovg-flex-shrink-0\">\n                    <path stroke-linecap=\"round\" stroke-linejoin=\"round\" d=\"M21 12a9 9 0 1 1-18 0 9 9 0 0 1 18 0Z\" \/>\n                    <path stroke-linecap=\"round\" stroke-linejoin=\"round\" d=\"M15.91 11.672a.375.375 0 0 1 0 .656l-5.603 3.113a.375.375 0 0 1-.557-.328V8.887c0-.286.307-.466.557-.327l5.603 3.112Z\" \/>\n                <\/svg>\n                0 videos            <\/div>\n         \n        \n            <\/div>            \t\t\t\n<\/div>\t\t\r\n            <\/div> \r\n                    \r\n            <div class=\"aiovg-item-category aiovg-item-category-227 aiovg-col aiovg-col-3 aiovg-col-xs-2\" data-id=\"227\">\t\t\r\n                \n<div class=\"aiovg-thumbnail\">\n    <a href=\"https:\/\/tenuteartemisia.com\/fr\/categorie-video\/eventi-e-feste-tradizionali\/\" class=\"aiovg-responsive-container\" style=\"padding-bottom: 56.25%;\">\n        <img decoding=\"async\" src=\"https:\/\/tenuteartemisia.com\/wp-content\/plugins\/all-in-one-video-gallery\/public\/assets\/images\/placeholder-image.png\" class=\"aiovg-responsive-element\" alt=\"\u00c9v\u00e9nements et c\u00e9l\u00e9brations traditionnelles\" loading=\"lazy\" \/>\n    <\/a>\n    \n    <div class=\"aiovg-caption\">\n        <div class=\"aiovg-title\">\n            <a href=\"https:\/\/tenuteartemisia.com\/fr\/categorie-video\/eventi-e-feste-tradizionali\/\" class=\"aiovg-link-title\">\n                \u00c9v\u00e9nements et c\u00e9l\u00e9brations traditionnelles            <\/a>\n        <\/div>        \n\n                    <div class=\"aiovg-count aiovg-flex aiovg-gap-1 aiovg-items-center aiovg-text-muted aiovg-text-small\">\n                <svg xmlns=\"http:\/\/www.w3.org\/2000\/svg\" fill=\"none\" width=\"16\" height=\"16\" viewbox=\"0 0 24 24\" stroke-width=\"1.5\" stroke=\"currentColor\" class=\"aiovg-flex-shrink-0\">\n                    <path stroke-linecap=\"round\" stroke-linejoin=\"round\" d=\"M21 12a9 9 0 1 1-18 0 9 9 0 0 1 18 0Z\" \/>\n                    <path stroke-linecap=\"round\" stroke-linejoin=\"round\" d=\"M15.91 11.672a.375.375 0 0 1 0 .656l-5.603 3.113a.375.375 0 0 1-.557-.328V8.887c0-.286.307-.466.557-.327l5.603 3.112Z\" \/>\n                <\/svg>\n                0 videos            <\/div>\n         \n        \n            <\/div>            \t\t\t\n<\/div>\t\t\r\n            <\/div> \r\n                    \r\n            <div class=\"aiovg-item-category aiovg-item-category-224 aiovg-col aiovg-col-3 aiovg-col-xs-2\" data-id=\"224\">\t\t\r\n                \n<div class=\"aiovg-thumbnail\">\n    <a href=\"https:\/\/tenuteartemisia.com\/fr\/categorie-video\/processi-di-produzione-artigianale\/\" class=\"aiovg-responsive-container\" style=\"padding-bottom: 56.25%;\">\n        <img decoding=\"async\" src=\"https:\/\/tenuteartemisia.com\/wp-content\/plugins\/all-in-one-video-gallery\/public\/assets\/images\/placeholder-image.png\" class=\"aiovg-responsive-element\" alt=\"Processus de production artisanale\" loading=\"lazy\" \/>\n    <\/a>\n    \n    <div class=\"aiovg-caption\">\n        <div class=\"aiovg-title\">\n            <a href=\"https:\/\/tenuteartemisia.com\/fr\/categorie-video\/processi-di-produzione-artigianale\/\" class=\"aiovg-link-title\">\n                Processus de production artisanale            <\/a>\n        <\/div>        \n\n                    <div class=\"aiovg-count aiovg-flex aiovg-gap-1 aiovg-items-center aiovg-text-muted aiovg-text-small\">\n                <svg xmlns=\"http:\/\/www.w3.org\/2000\/svg\" fill=\"none\" width=\"16\" height=\"16\" viewbox=\"0 0 24 24\" stroke-width=\"1.5\" stroke=\"currentColor\" class=\"aiovg-flex-shrink-0\">\n                    <path stroke-linecap=\"round\" stroke-linejoin=\"round\" d=\"M21 12a9 9 0 1 1-18 0 9 9 0 0 1 18 0Z\" \/>\n                    <path stroke-linecap=\"round\" stroke-linejoin=\"round\" d=\"M15.91 11.672a.375.375 0 0 1 0 .656l-5.603 3.113a.375.375 0 0 1-.557-.328V8.887c0-.286.307-.466.557-.327l5.603 3.112Z\" \/>\n                <\/svg>\n                0 videos            <\/div>\n         \n        \n            <\/div>            \t\t\t\n<\/div>\t\t\r\n            <\/div> \r\n                    \r\n            <div class=\"aiovg-item-category aiovg-item-category-223 aiovg-col aiovg-col-3 aiovg-col-xs-2\" data-id=\"223\">\t\t\r\n                \n<div class=\"aiovg-thumbnail\">\n    <a href=\"https:\/\/tenuteartemisia.com\/fr\/categorie-video\/ricette-e-cucina-tradizionale\/\" class=\"aiovg-responsive-container\" style=\"padding-bottom: 56.25%;\">\n        <img decoding=\"async\" src=\"https:\/\/tenuteartemisia.com\/wp-content\/uploads\/2024\/11\/2148771599-300x200.jpg\" class=\"aiovg-responsive-element\" alt=\"Recettes et cuisine traditionnelle\" loading=\"lazy\" \/>\n    <\/a>\n    \n    <div class=\"aiovg-caption\">\n        <div class=\"aiovg-title\">\n            <a href=\"https:\/\/tenuteartemisia.com\/fr\/categorie-video\/ricette-e-cucina-tradizionale\/\" class=\"aiovg-link-title\">\n                Recettes et cuisine traditionnelle            <\/a>\n        <\/div>        \n\n                    <div class=\"aiovg-count aiovg-flex aiovg-gap-1 aiovg-items-center aiovg-text-muted aiovg-text-small\">\n                <svg xmlns=\"http:\/\/www.w3.org\/2000\/svg\" fill=\"none\" width=\"16\" height=\"16\" viewbox=\"0 0 24 24\" stroke-width=\"1.5\" stroke=\"currentColor\" class=\"aiovg-flex-shrink-0\">\n                    <path stroke-linecap=\"round\" stroke-linejoin=\"round\" d=\"M21 12a9 9 0 1 1-18 0 9 9 0 0 1 18 0Z\" \/>\n                    <path stroke-linecap=\"round\" stroke-linejoin=\"round\" d=\"M15.91 11.672a.375.375 0 0 1 0 .656l-5.603 3.113a.375.375 0 0 1-.557-.328V8.887c0-.286.307-.466.557-.327l5.603 3.112Z\" \/>\n                <\/svg>\n                1 video            <\/div>\n         \n        \n            <\/div>            \t\t\t\n<\/div>\t\t\r\n            <\/div> \r\n                    \r\n            <div class=\"aiovg-item-category aiovg-item-category-228 aiovg-col aiovg-col-3 aiovg-col-xs-2\" data-id=\"228\">\t\t\r\n                \n<div class=\"aiovg-thumbnail\">\n    <a href=\"https:\/\/tenuteartemisia.com\/fr\/categorie-video\/sostenibilita-e-agricoltura-biologica\/\" class=\"aiovg-responsive-container\" style=\"padding-bottom: 56.25%;\">\n        <img decoding=\"async\" src=\"https:\/\/tenuteartemisia.com\/wp-content\/plugins\/all-in-one-video-gallery\/public\/assets\/images\/placeholder-image.png\" class=\"aiovg-responsive-element\" alt=\"Durabilit\u00e9 et agriculture biologique\" loading=\"lazy\" \/>\n    <\/a>\n    \n    <div class=\"aiovg-caption\">\n        <div class=\"aiovg-title\">\n            <a href=\"https:\/\/tenuteartemisia.com\/fr\/categorie-video\/sostenibilita-e-agricoltura-biologica\/\" class=\"aiovg-link-title\">\n                Durabilit\u00e9 et agriculture biologique            <\/a>\n        <\/div>        \n\n                    <div class=\"aiovg-count aiovg-flex aiovg-gap-1 aiovg-items-center aiovg-text-muted aiovg-text-small\">\n                <svg xmlns=\"http:\/\/www.w3.org\/2000\/svg\" fill=\"none\" width=\"16\" height=\"16\" viewbox=\"0 0 24 24\" stroke-width=\"1.5\" stroke=\"currentColor\" class=\"aiovg-flex-shrink-0\">\n                    <path stroke-linecap=\"round\" stroke-linejoin=\"round\" d=\"M21 12a9 9 0 1 1-18 0 9 9 0 0 1 18 0Z\" \/>\n                    <path stroke-linecap=\"round\" stroke-linejoin=\"round\" d=\"M15.91 11.672a.375.375 0 0 1 0 .656l-5.603 3.113a.375.375 0 0 1-.557-.328V8.887c0-.286.307-.466.557-.327l5.603 3.112Z\" \/>\n                <\/svg>\n                0 videos            <\/div>\n         \n        \n            <\/div>            \t\t\t\n<\/div>\t\t\r\n            <\/div> \r\n                    \r\n            <div class=\"aiovg-item-category aiovg-item-category-229 aiovg-col aiovg-col-3 aiovg-col-xs-2\" data-id=\"229\">\t\t\r\n                \n<div class=\"aiovg-thumbnail\">\n    <a href=\"https:\/\/tenuteartemisia.com\/fr\/categorie-video\/turismo-esperienziale\/\" class=\"aiovg-responsive-container\" style=\"padding-bottom: 56.25%;\">\n        <img decoding=\"async\" src=\"https:\/\/tenuteartemisia.com\/wp-content\/plugins\/all-in-one-video-gallery\/public\/assets\/images\/placeholder-image.png\" class=\"aiovg-responsive-element\" alt=\"Tourisme exp\u00e9rientiel\" loading=\"lazy\" \/>\n    <\/a>\n    \n    <div class=\"aiovg-caption\">\n        <div class=\"aiovg-title\">\n            <a href=\"https:\/\/tenuteartemisia.com\/fr\/categorie-video\/turismo-esperienziale\/\" class=\"aiovg-link-title\">\n                Tourisme exp\u00e9rientiel            <\/a>\n        <\/div>        \n\n                    <div class=\"aiovg-count aiovg-flex aiovg-gap-1 aiovg-items-center aiovg-text-muted aiovg-text-small\">\n                <svg xmlns=\"http:\/\/www.w3.org\/2000\/svg\" fill=\"none\" width=\"16\" height=\"16\" viewbox=\"0 0 24 24\" stroke-width=\"1.5\" stroke=\"currentColor\" class=\"aiovg-flex-shrink-0\">\n                    <path stroke-linecap=\"round\" stroke-linejoin=\"round\" d=\"M21 12a9 9 0 1 1-18 0 9 9 0 0 1 18 0Z\" \/>\n                    <path stroke-linecap=\"round\" stroke-linejoin=\"round\" d=\"M15.91 11.672a.375.375 0 0 1 0 .656l-5.603 3.113a.375.375 0 0 1-.557-.328V8.887c0-.286.307-.466.557-.327l5.603 3.112Z\" \/>\n                <\/svg>\n                0 videos            <\/div>\n         \n        \n            <\/div>            \t\t\t\n<\/div>\t\t\r\n            <\/div> \r\n                    \r\n            <div class=\"aiovg-item-category aiovg-item-category-225 aiovg-col aiovg-col-3 aiovg-col-xs-2\" data-id=\"225\">\t\t\r\n                \n<div class=\"aiovg-thumbnail\">\n    <a href=\"https:\/\/tenuteartemisia.com\/fr\/categorie-video\/vita-in-fattoria-e-fattoria-didattica\/\" class=\"aiovg-responsive-container\" style=\"padding-bottom: 56.25%;\">\n        <img decoding=\"async\" src=\"https:\/\/tenuteartemisia.com\/wp-content\/plugins\/all-in-one-video-gallery\/public\/assets\/images\/placeholder-image.png\" class=\"aiovg-responsive-element\" alt=\"La vie \u00e0 la ferme et la ferme p\u00e9dagogique\" loading=\"lazy\" \/>\n    <\/a>\n    \n    <div class=\"aiovg-caption\">\n        <div class=\"aiovg-title\">\n            <a href=\"https:\/\/tenuteartemisia.com\/fr\/categorie-video\/vita-in-fattoria-e-fattoria-didattica\/\" class=\"aiovg-link-title\">\n                La vie \u00e0 la ferme et la ferme p\u00e9dagogique            <\/a>\n        <\/div>        \n\n                    <div class=\"aiovg-count aiovg-flex aiovg-gap-1 aiovg-items-center aiovg-text-muted aiovg-text-small\">\n                <svg xmlns=\"http:\/\/www.w3.org\/2000\/svg\" fill=\"none\" width=\"16\" height=\"16\" viewbox=\"0 0 24 24\" stroke-width=\"1.5\" stroke=\"currentColor\" class=\"aiovg-flex-shrink-0\">\n                    <path stroke-linecap=\"round\" stroke-linejoin=\"round\" d=\"M21 12a9 9 0 1 1-18 0 9 9 0 0 1 18 0Z\" \/>\n                    <path stroke-linecap=\"round\" stroke-linejoin=\"round\" d=\"M15.91 11.672a.375.375 0 0 1 0 .656l-5.603 3.113a.375.375 0 0 1-.557-.328V8.887c0-.286.307-.466.557-.327l5.603 3.112Z\" \/>\n                <\/svg>\n                0 videos            <\/div>\n         \n        \n            <\/div>            \t\t\t\n<\/div>\t\t\r\n            <\/div> \r\n            <\/div>\r\n\r\n    <\/div>","protected":false},"excerpt":{"rendered":"Consigli per il Benessere e l\u2019Alimentazione Naturale 1 video Curiosit\u00e0 e Tradizioni Siciliane 0 videos Degustazioni e Abbinamenti 0 videos Eventi e Feste Tradizionali 0 videos Processi di Produzione Artigianale [...]","protected":false},"author":1,"featured_media":8704,"parent":0,"menu_order":0,"comment_status":"closed","ping_status":"closed","template":"","meta":{"_acf_changed":false,"wprm-recipe-roundup-name":"","wprm-recipe-roundup-description":"","_monsterinsights_skip_tracking":false,"_monsterinsights_sitenote_active":false,"_monsterinsights_sitenote_note":"","_monsterinsights_sitenote_category":0,"footnotes":""},"class_list":["post-8690","page","type-page","status-publish","has-post-thumbnail","hentry"],"acf":[],"yoast_head":"<!-- This site is optimized with the Yoast SEO plugin v25.9 - https:\/\/yoast.com\/wordpress\/plugins\/seo\/ -->\n<title>Video Category - Tenute Artemisia<\/title>\n<meta name=\"robots\" content=\"index, follow, max-snippet:-1, max-image-preview:large, max-video-preview:-1\" \/>\n<link rel=\"canonical\" href=\"https:\/\/tenuteartemisia.com\/fr\/categorie-video\/\" \/>\n<meta property=\"og:locale\" content=\"fr_FR\" \/>\n<meta property=\"og:type\" content=\"article\" \/>\n<meta property=\"og:title\" content=\"Video Category - Tenute Artemisia\" \/>\n<meta property=\"og:url\" content=\"https:\/\/tenuteartemisia.com\/fr\/categorie-video\/\" \/>\n<meta property=\"og:site_name\" content=\"Tenute Artemisia\" \/>\n<meta property=\"article:modified_time\" content=\"2024-11-11T10:02:29+00:00\" \/>\n<meta property=\"og:image\" content=\"https:\/\/tenuteartemisia.com\/wp-content\/uploads\/2024\/11\/H6A3319-copia.jpg\" \/>\n\t<meta property=\"og:image:width\" content=\"1700\" \/>\n\t<meta property=\"og:image:height\" content=\"1133\" \/>\n\t<meta property=\"og:image:type\" content=\"image\/jpeg\" \/>\n<meta name=\"twitter:card\" content=\"summary_large_image\" \/>\n<meta name=\"twitter:label1\" content=\"Dur\u00e9e de lecture estim\u00e9e\" \/>\n\t<meta name=\"twitter:data1\" content=\"1 minute\" \/>\n<script type=\"application\/ld+json\" class=\"yoast-schema-graph\">{\"@context\":\"https:\/\/schema.org\",\"@graph\":[{\"@type\":\"WebPage\",\"@id\":\"https:\/\/tenuteartemisia.com\/video-category\/\",\"url\":\"https:\/\/tenuteartemisia.com\/video-category\/\",\"name\":\"Video Category - Tenute Artemisia\",\"isPartOf\":{\"@id\":\"https:\/\/tenuteartemisia.com\/#website\"},\"primaryImageOfPage\":{\"@id\":\"https:\/\/tenuteartemisia.com\/video-category\/#primaryimage\"},\"image\":{\"@id\":\"https:\/\/tenuteartemisia.com\/video-category\/#primaryimage\"},\"thumbnailUrl\":\"https:\/\/tenuteartemisia.com\/wp-content\/uploads\/2024\/11\/H6A3319-copia.jpg\",\"datePublished\":\"2024-11-11T01:09:45+00:00\",\"dateModified\":\"2024-11-11T10:02:29+00:00\",\"breadcrumb\":{\"@id\":\"https:\/\/tenuteartemisia.com\/video-category\/#breadcrumb\"},\"inLanguage\":\"fr-FR\",\"potentialAction\":[{\"@type\":\"ReadAction\",\"target\":[\"https:\/\/tenuteartemisia.com\/video-category\/\"]}]},{\"@type\":\"ImageObject\",\"inLanguage\":\"fr-FR\",\"@id\":\"https:\/\/tenuteartemisia.com\/video-category\/#primaryimage\",\"url\":\"https:\/\/tenuteartemisia.com\/wp-content\/uploads\/2024\/11\/H6A3319-copia.jpg\",\"contentUrl\":\"https:\/\/tenuteartemisia.com\/wp-content\/uploads\/2024\/11\/H6A3319-copia.jpg\",\"width\":1700,\"height\":1133},{\"@type\":\"BreadcrumbList\",\"@id\":\"https:\/\/tenuteartemisia.com\/video-category\/#breadcrumb\",\"itemListElement\":[{\"@type\":\"ListItem\",\"position\":1,\"name\":\"Home\",\"item\":\"https:\/\/tenuteartemisia.com\/\"},{\"@type\":\"ListItem\",\"position\":2,\"name\":\"Video Category\"}]},{\"@type\":\"WebSite\",\"@id\":\"https:\/\/tenuteartemisia.com\/#website\",\"url\":\"https:\/\/tenuteartemisia.com\/\",\"name\":\"Tenute Artemisia\",\"description\":\"Benvenuti a Tenute Artemisia - Agriturismo tra tradizione e modernit\u00e0\",\"potentialAction\":[{\"@type\":\"SearchAction\",\"target\":{\"@type\":\"EntryPoint\",\"urlTemplate\":\"https:\/\/tenuteartemisia.com\/?s={search_term_string}\"},\"query-input\":{\"@type\":\"PropertyValueSpecification\",\"valueRequired\":true,\"valueName\":\"search_term_string\"}}],\"inLanguage\":\"fr-FR\"}]}<\/script>\n<!-- \/ Yoast SEO plugin. -->","yoast_head_json":{"title":"Video Category - Tenute Artemisia","robots":{"index":"index","follow":"follow","max-snippet":"max-snippet:-1","max-image-preview":"max-image-preview:large","max-video-preview":"max-video-preview:-1"},"canonical":"https:\/\/tenuteartemisia.com\/fr\/categorie-video\/","og_locale":"fr_FR","og_type":"article","og_title":"Video Category - Tenute Artemisia","og_url":"https:\/\/tenuteartemisia.com\/fr\/categorie-video\/","og_site_name":"Tenute Artemisia","article_modified_time":"2024-11-11T10:02:29+00:00","og_image":[{"width":1700,"height":1133,"url":"https:\/\/tenuteartemisia.com\/wp-content\/uploads\/2024\/11\/H6A3319-copia.jpg","type":"image\/jpeg"}],"twitter_card":"summary_large_image","twitter_misc":{"Dur\u00e9e de lecture estim\u00e9e":"1 minute"},"schema":{"@context":"https:\/\/schema.org","@graph":[{"@type":"WebPage","@id":"https:\/\/tenuteartemisia.com\/video-category\/","url":"https:\/\/tenuteartemisia.com\/video-category\/","name":"Video Category - Tenute Artemisia","isPartOf":{"@id":"https:\/\/tenuteartemisia.com\/#website"},"primaryImageOfPage":{"@id":"https:\/\/tenuteartemisia.com\/video-category\/#primaryimage"},"image":{"@id":"https:\/\/tenuteartemisia.com\/video-category\/#primaryimage"},"thumbnailUrl":"https:\/\/tenuteartemisia.com\/wp-content\/uploads\/2024\/11\/H6A3319-copia.jpg","datePublished":"2024-11-11T01:09:45+00:00","dateModified":"2024-11-11T10:02:29+00:00","breadcrumb":{"@id":"https:\/\/tenuteartemisia.com\/video-category\/#breadcrumb"},"inLanguage":"fr-FR","potentialAction":[{"@type":"ReadAction","target":["https:\/\/tenuteartemisia.com\/video-category\/"]}]},{"@type":"ImageObject","inLanguage":"fr-FR","@id":"https:\/\/tenuteartemisia.com\/video-category\/#primaryimage","url":"https:\/\/tenuteartemisia.com\/wp-content\/uploads\/2024\/11\/H6A3319-copia.jpg","contentUrl":"https:\/\/tenuteartemisia.com\/wp-content\/uploads\/2024\/11\/H6A3319-copia.jpg","width":1700,"height":1133},{"@type":"BreadcrumbList","@id":"https:\/\/tenuteartemisia.com\/video-category\/#breadcrumb","itemListElement":[{"@type":"ListItem","position":1,"name":"Home","item":"https:\/\/tenuteartemisia.com\/"},{"@type":"ListItem","position":2,"name":"Video Category"}]},{"@type":"WebSite","@id":"https:\/\/tenuteartemisia.com\/#website","url":"https:\/\/tenuteartemisia.com\/","name":"Tenute Artemisia","description":"Benvenuti a Tenute Artemisia - Agriturismo tra tradizione e modernit\u00e0","potentialAction":[{"@type":"SearchAction","target":{"@type":"EntryPoint","urlTemplate":"https:\/\/tenuteartemisia.com\/?s={search_term_string}"},"query-input":{"@type":"PropertyValueSpecification","valueRequired":true,"valueName":"search_term_string"}}],"inLanguage":"fr-FR"}]}},"_links":{"self":[{"href":"https:\/\/tenuteartemisia.com\/fr\/wp-json\/wp\/v2\/pages\/8690","targetHints":{"allow":["GET"]}}],"collection":[{"href":"https:\/\/tenuteartemisia.com\/fr\/wp-json\/wp\/v2\/pages"}],"about":[{"href":"https:\/\/tenuteartemisia.com\/fr\/wp-json\/wp\/v2\/types\/page"}],"author":[{"embeddable":true,"href":"https:\/\/tenuteartemisia.com\/fr\/wp-json\/wp\/v2\/users\/1"}],"replies":[{"embeddable":true,"href":"https:\/\/tenuteartemisia.com\/fr\/wp-json\/wp\/v2\/comments?post=8690"}],"version-history":[{"count":1,"href":"https:\/\/tenuteartemisia.com\/fr\/wp-json\/wp\/v2\/pages\/8690\/revisions"}],"predecessor-version":[{"id":8744,"href":"https:\/\/tenuteartemisia.com\/fr\/wp-json\/wp\/v2\/pages\/8690\/revisions\/8744"}],"wp:featuredmedia":[{"embeddable":true,"href":"https:\/\/tenuteartemisia.com\/fr\/wp-json\/wp\/v2\/media\/8704"}],"wp:attachment":[{"href":"https:\/\/tenuteartemisia.com\/fr\/wp-json\/wp\/v2\/media?parent=8690"}],"curies":[{"name":"wp","href":"https:\/\/api.w.org\/{rel}","templated":true}]}}