{"id":3038,"date":"2021-06-04T10:18:45","date_gmt":"2021-06-04T10:18:45","guid":{"rendered":"https:\/\/nuss.uxper.co\/boutique-hotel\/?post_type=product&#038;p=3038"},"modified":"2024-11-13T11:29:18","modified_gmt":"2024-11-13T09:29:18","slug":"marmellata-di-mandarino","status":"publish","type":"product","link":"https:\/\/tenuteartemisia.com\/fr\/product\/marmelade-de-mandarines\/","title":{"rendered":"Marmelade de mandarines"},"content":{"rendered":"<p>La marmelade de mandarines de Tenute Artemisia est un produit authentique et artisanal \u00e9labor\u00e9 \u00e0 partir de mandarines fra\u00eeches cueillies \u00e0 la main dans nos vergers. Avec sa saveur douce et l\u00e9g\u00e8rement acidul\u00e9e, cette marmelade incarne l'essence de la M\u00e9diterran\u00e9e, parfaite pour enrichir les petits d\u00e9jeuners, les desserts ou pour accompagner les fromages. Sa texture douce et son parfum intense font de chaque d\u00e9gustation un voyage \u00e0 travers les saveurs authentiques de la tradition sicilienne.<\/p>","protected":false},"excerpt":{"rendered":"<p>La marmelade de mandarines de Tenute Artemisia est un produit authentique, fabriqu\u00e9 \u00e0 la main \u00e0 partir de mandarines fra\u00eeches cueillies \u00e0 la main dans nos vergers.<\/p>","protected":false},"featured_media":8247,"comment_status":"open","ping_status":"closed","template":"","meta":{"_acf_changed":false,"wprm-recipe-roundup-name":"","wprm-recipe-roundup-description":"","_monsterinsights_skip_tracking":false,"_monsterinsights_sitenote_active":false,"_monsterinsights_sitenote_note":"","_monsterinsights_sitenote_category":0},"product_cat":[51],"product_tag":[],"class_list":{"0":"post-3038","1":"product","2":"type-product","3":"status-publish","4":"has-post-thumbnail","6":"product_cat-confetture-e-marmellate","8":"first","9":"instock","10":"sale","11":"shipping-taxable","12":"purchasable","13":"product-type-simple"},"acf":[],"yoast_head":"<!-- This site is optimized with the Yoast SEO plugin v25.9 - https:\/\/yoast.com\/wordpress\/plugins\/seo\/ -->\n<title>Marmellata di Mandarino - Tenute Artemisia<\/title>\n<meta name=\"description\" content=\"La marmellata di mandarino di Tenute Artemisia \u00e8 un prodotto genuino e artigianale, realizzato con mandarini freschi raccolti a mano dai nostri frutteti\" \/>\n<meta name=\"robots\" content=\"index, follow, max-snippet:-1, max-image-preview:large, max-video-preview:-1\" \/>\n<link rel=\"canonical\" href=\"https:\/\/tenuteartemisia.com\/fr\/product\/marmelade-de-mandarines\/\" \/>\n<meta property=\"og:locale\" content=\"fr_FR\" \/>\n<meta property=\"og:type\" content=\"article\" \/>\n<meta property=\"og:title\" content=\"Marmellata di Mandarino - Tenute Artemisia\" \/>\n<meta property=\"og:description\" content=\"La marmellata di mandarino di Tenute Artemisia \u00e8 un prodotto genuino e artigianale, realizzato con mandarini freschi raccolti a mano dai nostri frutteti\" \/>\n<meta property=\"og:url\" content=\"https:\/\/tenuteartemisia.com\/fr\/product\/marmelade-de-mandarines\/\" \/>\n<meta property=\"og:site_name\" content=\"Tenute Artemisia\" \/>\n<meta property=\"article:modified_time\" content=\"2024-11-13T09:29:18+00:00\" \/>\n<meta property=\"og:image\" content=\"https:\/\/tenuteartemisia.com\/wp-content\/uploads\/2021\/06\/2148525209.jpg\" \/>\n\t<meta property=\"og:image:width\" content=\"1000\" \/>\n\t<meta property=\"og:image:height\" content=\"1500\" \/>\n\t<meta property=\"og:image:type\" content=\"image\/jpeg\" \/>\n<meta name=\"twitter:card\" content=\"summary_large_image\" \/>\n<meta name=\"twitter:label1\" content=\"Dur\u00e9e de lecture estim\u00e9e\" \/>\n\t<meta name=\"twitter:data1\" content=\"1 minute\" \/>\n<script type=\"application\/ld+json\" class=\"yoast-schema-graph\">{\"@context\":\"https:\/\/schema.org\",\"@graph\":[{\"@type\":\"WebPage\",\"@id\":\"https:\/\/tenuteartemisia.com\/prodotto\/marmellata-di-mandarino\/\",\"url\":\"https:\/\/tenuteartemisia.com\/prodotto\/marmellata-di-mandarino\/\",\"name\":\"Marmellata di Mandarino - Tenute Artemisia\",\"isPartOf\":{\"@id\":\"https:\/\/tenuteartemisia.com\/#website\"},\"primaryImageOfPage\":{\"@id\":\"https:\/\/tenuteartemisia.com\/prodotto\/marmellata-di-mandarino\/#primaryimage\"},\"image\":{\"@id\":\"https:\/\/tenuteartemisia.com\/prodotto\/marmellata-di-mandarino\/#primaryimage\"},\"thumbnailUrl\":\"https:\/\/tenuteartemisia.com\/wp-content\/uploads\/2021\/06\/2148525209.jpg\",\"datePublished\":\"2021-06-04T10:18:45+00:00\",\"dateModified\":\"2024-11-13T09:29:18+00:00\",\"description\":\"La marmellata di mandarino di Tenute Artemisia \u00e8 un prodotto genuino e artigianale, realizzato con mandarini freschi raccolti a mano dai nostri frutteti\",\"breadcrumb\":{\"@id\":\"https:\/\/tenuteartemisia.com\/prodotto\/marmellata-di-mandarino\/#breadcrumb\"},\"inLanguage\":\"fr-FR\",\"potentialAction\":[{\"@type\":\"ReadAction\",\"target\":[\"https:\/\/tenuteartemisia.com\/prodotto\/marmellata-di-mandarino\/\"]}]},{\"@type\":\"ImageObject\",\"inLanguage\":\"fr-FR\",\"@id\":\"https:\/\/tenuteartemisia.com\/prodotto\/marmellata-di-mandarino\/#primaryimage\",\"url\":\"https:\/\/tenuteartemisia.com\/wp-content\/uploads\/2021\/06\/2148525209.jpg\",\"contentUrl\":\"https:\/\/tenuteartemisia.com\/wp-content\/uploads\/2021\/06\/2148525209.jpg\",\"width\":1000,\"height\":1500},{\"@type\":\"BreadcrumbList\",\"@id\":\"https:\/\/tenuteartemisia.com\/prodotto\/marmellata-di-mandarino\/#breadcrumb\",\"itemListElement\":[{\"@type\":\"ListItem\",\"position\":1,\"name\":\"Home\",\"item\":\"https:\/\/tenuteartemisia.com\/\"},{\"@type\":\"ListItem\",\"position\":2,\"name\":\"Prodotti\",\"item\":\"https:\/\/tenuteartemisia.com\/negozio\/\"},{\"@type\":\"ListItem\",\"position\":3,\"name\":\"Marmellata di Mandarino\"}]},{\"@type\":\"WebSite\",\"@id\":\"https:\/\/tenuteartemisia.com\/#website\",\"url\":\"https:\/\/tenuteartemisia.com\/\",\"name\":\"Tenute Artemisia\",\"description\":\"Benvenuti a Tenute Artemisia - Agriturismo tra tradizione e modernit\u00e0\",\"potentialAction\":[{\"@type\":\"SearchAction\",\"target\":{\"@type\":\"EntryPoint\",\"urlTemplate\":\"https:\/\/tenuteartemisia.com\/?s={search_term_string}\"},\"query-input\":{\"@type\":\"PropertyValueSpecification\",\"valueRequired\":true,\"valueName\":\"search_term_string\"}}],\"inLanguage\":\"fr-FR\"}]}<\/script>\n<!-- \/ Yoast SEO plugin. -->","yoast_head_json":{"title":"Marmellata di Mandarino - Tenute Artemisia","description":"La marmellata di mandarino di Tenute Artemisia \u00e8 un prodotto genuino e artigianale, realizzato con mandarini freschi raccolti a mano dai nostri frutteti","robots":{"index":"index","follow":"follow","max-snippet":"max-snippet:-1","max-image-preview":"max-image-preview:large","max-video-preview":"max-video-preview:-1"},"canonical":"https:\/\/tenuteartemisia.com\/fr\/product\/marmelade-de-mandarines\/","og_locale":"fr_FR","og_type":"article","og_title":"Marmellata di Mandarino - Tenute Artemisia","og_description":"La marmellata di mandarino di Tenute Artemisia \u00e8 un prodotto genuino e artigianale, realizzato con mandarini freschi raccolti a mano dai nostri frutteti","og_url":"https:\/\/tenuteartemisia.com\/fr\/product\/marmelade-de-mandarines\/","og_site_name":"Tenute Artemisia","article_modified_time":"2024-11-13T09:29:18+00:00","og_image":[{"width":1000,"height":1500,"url":"https:\/\/tenuteartemisia.com\/wp-content\/uploads\/2021\/06\/2148525209.jpg","type":"image\/jpeg"}],"twitter_card":"summary_large_image","twitter_misc":{"Dur\u00e9e de lecture estim\u00e9e":"1 minute"},"schema":{"@context":"https:\/\/schema.org","@graph":[{"@type":"WebPage","@id":"https:\/\/tenuteartemisia.com\/prodotto\/marmellata-di-mandarino\/","url":"https:\/\/tenuteartemisia.com\/prodotto\/marmellata-di-mandarino\/","name":"Marmellata di Mandarino - Tenute Artemisia","isPartOf":{"@id":"https:\/\/tenuteartemisia.com\/#website"},"primaryImageOfPage":{"@id":"https:\/\/tenuteartemisia.com\/prodotto\/marmellata-di-mandarino\/#primaryimage"},"image":{"@id":"https:\/\/tenuteartemisia.com\/prodotto\/marmellata-di-mandarino\/#primaryimage"},"thumbnailUrl":"https:\/\/tenuteartemisia.com\/wp-content\/uploads\/2021\/06\/2148525209.jpg","datePublished":"2021-06-04T10:18:45+00:00","dateModified":"2024-11-13T09:29:18+00:00","description":"La marmellata di mandarino di Tenute Artemisia \u00e8 un prodotto genuino e artigianale, realizzato con mandarini freschi raccolti a mano dai nostri frutteti","breadcrumb":{"@id":"https:\/\/tenuteartemisia.com\/prodotto\/marmellata-di-mandarino\/#breadcrumb"},"inLanguage":"fr-FR","potentialAction":[{"@type":"ReadAction","target":["https:\/\/tenuteartemisia.com\/prodotto\/marmellata-di-mandarino\/"]}]},{"@type":"ImageObject","inLanguage":"fr-FR","@id":"https:\/\/tenuteartemisia.com\/prodotto\/marmellata-di-mandarino\/#primaryimage","url":"https:\/\/tenuteartemisia.com\/wp-content\/uploads\/2021\/06\/2148525209.jpg","contentUrl":"https:\/\/tenuteartemisia.com\/wp-content\/uploads\/2021\/06\/2148525209.jpg","width":1000,"height":1500},{"@type":"BreadcrumbList","@id":"https:\/\/tenuteartemisia.com\/prodotto\/marmellata-di-mandarino\/#breadcrumb","itemListElement":[{"@type":"ListItem","position":1,"name":"Home","item":"https:\/\/tenuteartemisia.com\/"},{"@type":"ListItem","position":2,"name":"Prodotti","item":"https:\/\/tenuteartemisia.com\/negozio\/"},{"@type":"ListItem","position":3,"name":"Marmellata di Mandarino"}]},{"@type":"WebSite","@id":"https:\/\/tenuteartemisia.com\/#website","url":"https:\/\/tenuteartemisia.com\/","name":"Tenute Artemisia","description":"Benvenuti a Tenute Artemisia - Agriturismo tra tradizione e modernit\u00e0","potentialAction":[{"@type":"SearchAction","target":{"@type":"EntryPoint","urlTemplate":"https:\/\/tenuteartemisia.com\/?s={search_term_string}"},"query-input":{"@type":"PropertyValueSpecification","valueRequired":true,"valueName":"search_term_string"}}],"inLanguage":"fr-FR"}]}},"_links":{"self":[{"href":"https:\/\/tenuteartemisia.com\/fr\/wp-json\/wp\/v2\/product\/3038","targetHints":{"allow":["GET"]}}],"collection":[{"href":"https:\/\/tenuteartemisia.com\/fr\/wp-json\/wp\/v2\/product"}],"about":[{"href":"https:\/\/tenuteartemisia.com\/fr\/wp-json\/wp\/v2\/types\/product"}],"replies":[{"embeddable":true,"href":"https:\/\/tenuteartemisia.com\/fr\/wp-json\/wp\/v2\/comments?post=3038"}],"wp:featuredmedia":[{"embeddable":true,"href":"https:\/\/tenuteartemisia.com\/fr\/wp-json\/wp\/v2\/media\/8247"}],"wp:attachment":[{"href":"https:\/\/tenuteartemisia.com\/fr\/wp-json\/wp\/v2\/media?parent=3038"}],"wp:term":[{"taxonomy":"product_cat","embeddable":true,"href":"https:\/\/tenuteartemisia.com\/fr\/wp-json\/wp\/v2\/product_cat?post=3038"},{"taxonomy":"product_tag","embeddable":true,"href":"https:\/\/tenuteartemisia.com\/fr\/wp-json\/wp\/v2\/product_tag?post=3038"}],"curies":[{"name":"wp","href":"https:\/\/api.w.org\/{rel}","templated":true}]}}